{"id":11777,"date":"2020-08-21T21:08:48","date_gmt":"2020-08-21T19:08:48","guid":{"rendered":"https:\/\/pruchnik.przemyska.pl\/?page_id=11777"},"modified":"2025-09-03T15:00:18","modified_gmt":"2025-09-03T13:00:18","slug":"remont-kosciola","status":"publish","type":"page","link":"https:\/\/pruchnik.przemyska.pl\/index.php\/remont-kosciola\/","title":{"rendered":"Remont ko\u015bcio\u0142a"},"content":{"rendered":"<h2 style=\"text-align: center;\">Osuszanie mur\u00f3w ko\u015bcio\u0142a<\/h2>\n<p><!-- default-view.php -->\n<div\n\tclass=\"ngg-galleryoverview default-view \n\t ngg-ajax-pagination-none\t\"\n\tid=\"ngg-gallery-1d0854265a2bcc241c6748b2cb2897cc-1\">\n\n\t\t<!-- Thumbnails -->\n\t\t\t\t<div id=\"ngg-image-0\" class=\"ngg-gallery-thumbnail-box \n\t\t\t\t\t\t\t\tngg-4-columns\t\t\t\" \n\t\t\t>\n\t\t\t\t\t\t<div class=\"ngg-gallery-thumbnail\">\n\t\t\t<a href=\"https:\/\/pruchnik.przemyska.pl\/wp-content\/gallery\/osuszanie-murow\/DSC_1586.JPG\"\n\t\t\t\ttitle=\"\"\n\t\t\t\tdata-src=\"https:\/\/pruchnik.przemyska.pl\/wp-content\/gallery\/osuszanie-murow\/DSC_1586.JPG\"\n\t\t\t\tdata-thumbnail=\"https:\/\/pruchnik.przemyska.pl\/wp-content\/gallery\/osuszanie-murow\/thumbs\/thumbs_DSC_1586.JPG\"\n\t\t\t\tdata-image-id=\"4550\"\n\t\t\t\tdata-title=\"DSC_1586\"\n\t\t\t\tdata-description=\"\"\n\t\t\t\tdata-image-slug=\"dsc_1586-2\"\n\t\t\t\tclass=\"ngg-fancybox\" rel=\"1d0854265a2bcc241c6748b2cb2897cc\">\n\t\t\t\t<img\n\t\t\t\t\ttitle=\"DSC_1586\"\n\t\t\t\t\talt=\"DSC_1586\"\n\t\t\t\t\tsrc=\"https:\/\/pruchnik.przemyska.pl\/wp-content\/gallery\/osuszanie-murow\/thumbs\/thumbs_DSC_1586.JPG\"\n\t\t\t\t\twidth=\"240\"\n\t\t\t\t\theight=\"160\"\n\t\t\t\t\tstyle=\"max-width:100%;\"\n\t\t\t\t\/>\n\t\t\t<\/a>\n\t\t<\/div>\n\t\t\t\t\t\t\t<\/div> \n\t\t\t\n\t\t\t\t<div id=\"ngg-image-1\" class=\"ngg-gallery-thumbnail-box \n\t\t\t\t\t\t\t\tngg-4-columns\t\t\t\" \n\t\t\t>\n\t\t\t\t\t\t<div class=\"ngg-gallery-thumbnail\">\n\t\t\t<a href=\"https:\/\/pruchnik.przemyska.pl\/wp-content\/gallery\/osuszanie-murow\/DSC_1588.JPG\"\n\t\t\t\ttitle=\" \"\n\t\t\t\tdata-src=\"https:\/\/pruchnik.przemyska.pl\/wp-content\/gallery\/osuszanie-murow\/DSC_1588.JPG\"\n\t\t\t\tdata-thumbnail=\"https:\/\/pruchnik.przemyska.pl\/wp-content\/gallery\/osuszanie-murow\/thumbs\/thumbs_DSC_1588.JPG\"\n\t\t\t\tdata-image-id=\"4551\"\n\t\t\t\tdata-title=\"DSC_1588\"\n\t\t\t\tdata-description=\" \"\n\t\t\t\tdata-image-slug=\"dsc_1588-1\"\n\t\t\t\tclass=\"ngg-fancybox\" rel=\"1d0854265a2bcc241c6748b2cb2897cc\">\n\t\t\t\t<img\n\t\t\t\t\ttitle=\"DSC_1588\"\n\t\t\t\t\talt=\"DSC_1588\"\n\t\t\t\t\tsrc=\"https:\/\/pruchnik.przemyska.pl\/wp-content\/gallery\/osuszanie-murow\/thumbs\/thumbs_DSC_1588.JPG\"\n\t\t\t\t\twidth=\"240\"\n\t\t\t\t\theight=\"160\"\n\t\t\t\t\tstyle=\"max-width:100%;\"\n\t\t\t\t\/>\n\t\t\t<\/a>\n\t\t<\/div>\n\t\t\t\t\t\t\t<\/div> \n\t\t\t\n\t\t\t\t<div id=\"ngg-image-2\" class=\"ngg-gallery-thumbnail-box \n\t\t\t\t\t\t\t\tngg-4-columns\t\t\t\" \n\t\t\t>\n\t\t\t\t\t\t<div class=\"ngg-gallery-thumbnail\">\n\t\t\t<a href=\"https:\/\/pruchnik.przemyska.pl\/wp-content\/gallery\/osuszanie-murow\/DSC_1596.JPG\"\n\t\t\t\ttitle=\" \"\n\t\t\t\tdata-src=\"https:\/\/pruchnik.przemyska.pl\/wp-content\/gallery\/osuszanie-murow\/DSC_1596.JPG\"\n\t\t\t\tdata-thumbnail=\"https:\/\/pruchnik.przemyska.pl\/wp-content\/gallery\/osuszanie-murow\/thumbs\/thumbs_DSC_1596.JPG\"\n\t\t\t\tdata-image-id=\"4552\"\n\t\t\t\tdata-title=\"DSC_1596\"\n\t\t\t\tdata-description=\" \"\n\t\t\t\tdata-image-slug=\"dsc_1596-1\"\n\t\t\t\tclass=\"ngg-fancybox\" rel=\"1d0854265a2bcc241c6748b2cb2897cc\">\n\t\t\t\t<img\n\t\t\t\t\ttitle=\"DSC_1596\"\n\t\t\t\t\talt=\"DSC_1596\"\n\t\t\t\t\tsrc=\"https:\/\/pruchnik.przemyska.pl\/wp-content\/gallery\/osuszanie-murow\/thumbs\/thumbs_DSC_1596.JPG\"\n\t\t\t\t\twidth=\"240\"\n\t\t\t\t\theight=\"160\"\n\t\t\t\t\tstyle=\"max-width:100%;\"\n\t\t\t\t\/>\n\t\t\t<\/a>\n\t\t<\/div>\n\t\t\t\t\t\t\t<\/div> \n\t\t\t\n\t\t\t\t<div id=\"ngg-image-3\" class=\"ngg-gallery-thumbnail-box \n\t\t\t\t\t\t\t\tngg-4-columns\t\t\t\" \n\t\t\t>\n\t\t\t\t\t\t<div class=\"ngg-gallery-thumbnail\">\n\t\t\t<a href=\"https:\/\/pruchnik.przemyska.pl\/wp-content\/gallery\/osuszanie-murow\/DSC_1602.JPG\"\n\t\t\t\ttitle=\" \"\n\t\t\t\tdata-src=\"https:\/\/pruchnik.przemyska.pl\/wp-content\/gallery\/osuszanie-murow\/DSC_1602.JPG\"\n\t\t\t\tdata-thumbnail=\"https:\/\/pruchnik.przemyska.pl\/wp-content\/gallery\/osuszanie-murow\/thumbs\/thumbs_DSC_1602.JPG\"\n\t\t\t\tdata-image-id=\"4553\"\n\t\t\t\tdata-title=\"DSC_1602\"\n\t\t\t\tdata-description=\" \"\n\t\t\t\tdata-image-slug=\"dsc_1602-1\"\n\t\t\t\tclass=\"ngg-fancybox\" rel=\"1d0854265a2bcc241c6748b2cb2897cc\">\n\t\t\t\t<img\n\t\t\t\t\ttitle=\"DSC_1602\"\n\t\t\t\t\talt=\"DSC_1602\"\n\t\t\t\t\tsrc=\"https:\/\/pruchnik.przemyska.pl\/wp-content\/gallery\/osuszanie-murow\/thumbs\/thumbs_DSC_1602.JPG\"\n\t\t\t\t\twidth=\"240\"\n\t\t\t\t\theight=\"160\"\n\t\t\t\t\tstyle=\"max-width:100%;\"\n\t\t\t\t\/>\n\t\t\t<\/a>\n\t\t<\/div>\n\t\t\t\t\t\t\t<\/div> \n\t\t\t\n\t\t\t\t<div id=\"ngg-image-4\" class=\"ngg-gallery-thumbnail-box \n\t\t\t\t\t\t\t\tngg-4-columns\t\t\t\" \n\t\t\t>\n\t\t\t\t\t\t<div class=\"ngg-gallery-thumbnail\">\n\t\t\t<a href=\"https:\/\/pruchnik.przemyska.pl\/wp-content\/gallery\/osuszanie-murow\/DSC09185.JPG\"\n\t\t\t\ttitle=\" \"\n\t\t\t\tdata-src=\"https:\/\/pruchnik.przemyska.pl\/wp-content\/gallery\/osuszanie-murow\/DSC09185.JPG\"\n\t\t\t\tdata-thumbnail=\"https:\/\/pruchnik.przemyska.pl\/wp-content\/gallery\/osuszanie-murow\/thumbs\/thumbs_DSC09185.JPG\"\n\t\t\t\tdata-image-id=\"4554\"\n\t\t\t\tdata-title=\"DSC09185\"\n\t\t\t\tdata-description=\" \"\n\t\t\t\tdata-image-slug=\"dsc09185-1\"\n\t\t\t\tclass=\"ngg-fancybox\" rel=\"1d0854265a2bcc241c6748b2cb2897cc\">\n\t\t\t\t<img\n\t\t\t\t\ttitle=\"DSC09185\"\n\t\t\t\t\talt=\"DSC09185\"\n\t\t\t\t\tsrc=\"https:\/\/pruchnik.przemyska.pl\/wp-content\/gallery\/osuszanie-murow\/thumbs\/thumbs_DSC09185.JPG\"\n\t\t\t\t\twidth=\"240\"\n\t\t\t\t\theight=\"160\"\n\t\t\t\t\tstyle=\"max-width:100%;\"\n\t\t\t\t\/>\n\t\t\t<\/a>\n\t\t<\/div>\n\t\t\t\t\t\t\t<\/div> \n\t\t\t\n\t\t\t\t<div id=\"ngg-image-5\" class=\"ngg-gallery-thumbnail-box \n\t\t\t\t\t\t\t\tngg-4-columns\t\t\t\" \n\t\t\t>\n\t\t\t\t\t\t<div class=\"ngg-gallery-thumbnail\">\n\t\t\t<a href=\"https:\/\/pruchnik.przemyska.pl\/wp-content\/gallery\/osuszanie-murow\/DSC09187.JPG\"\n\t\t\t\ttitle=\" \"\n\t\t\t\tdata-src=\"https:\/\/pruchnik.przemyska.pl\/wp-content\/gallery\/osuszanie-murow\/DSC09187.JPG\"\n\t\t\t\tdata-thumbnail=\"https:\/\/pruchnik.przemyska.pl\/wp-content\/gallery\/osuszanie-murow\/thumbs\/thumbs_DSC09187.JPG\"\n\t\t\t\tdata-image-id=\"4555\"\n\t\t\t\tdata-title=\"DSC09187\"\n\t\t\t\tdata-description=\" \"\n\t\t\t\tdata-image-slug=\"dsc09187-1\"\n\t\t\t\tclass=\"ngg-fancybox\" rel=\"1d0854265a2bcc241c6748b2cb2897cc\">\n\t\t\t\t<img\n\t\t\t\t\ttitle=\"DSC09187\"\n\t\t\t\t\talt=\"DSC09187\"\n\t\t\t\t\tsrc=\"https:\/\/pruchnik.przemyska.pl\/wp-content\/gallery\/osuszanie-murow\/thumbs\/thumbs_DSC09187.JPG\"\n\t\t\t\t\twidth=\"240\"\n\t\t\t\t\theight=\"160\"\n\t\t\t\t\tstyle=\"max-width:100%;\"\n\t\t\t\t\/>\n\t\t\t<\/a>\n\t\t<\/div>\n\t\t\t\t\t\t\t<\/div> \n\t\t\t\n\t\t\t\t<div id=\"ngg-image-6\" class=\"ngg-gallery-thumbnail-box \n\t\t\t\t\t\t\t\tngg-4-columns\t\t\t\" \n\t\t\t>\n\t\t\t\t\t\t<div class=\"ngg-gallery-thumbnail\">\n\t\t\t<a href=\"https:\/\/pruchnik.przemyska.pl\/wp-content\/gallery\/osuszanie-murow\/DSC09188.JPG\"\n\t\t\t\ttitle=\" \"\n\t\t\t\tdata-src=\"https:\/\/pruchnik.przemyska.pl\/wp-content\/gallery\/osuszanie-murow\/DSC09188.JPG\"\n\t\t\t\tdata-thumbnail=\"https:\/\/pruchnik.przemyska.pl\/wp-content\/gallery\/osuszanie-murow\/thumbs\/thumbs_DSC09188.JPG\"\n\t\t\t\tdata-image-id=\"4556\"\n\t\t\t\tdata-title=\"DSC09188\"\n\t\t\t\tdata-description=\" \"\n\t\t\t\tdata-image-slug=\"dsc09188-1\"\n\t\t\t\tclass=\"ngg-fancybox\" rel=\"1d0854265a2bcc241c6748b2cb2897cc\">\n\t\t\t\t<img\n\t\t\t\t\ttitle=\"DSC09188\"\n\t\t\t\t\talt=\"DSC09188\"\n\t\t\t\t\tsrc=\"https:\/\/pruchnik.przemyska.pl\/wp-content\/gallery\/osuszanie-murow\/thumbs\/thumbs_DSC09188.JPG\"\n\t\t\t\t\twidth=\"240\"\n\t\t\t\t\theight=\"160\"\n\t\t\t\t\tstyle=\"max-width:100%;\"\n\t\t\t\t\/>\n\t\t\t<\/a>\n\t\t<\/div>\n\t\t\t\t\t\t\t<\/div> \n\t\t\t\n\t\t\t\t<div id=\"ngg-image-7\" class=\"ngg-gallery-thumbnail-box \n\t\t\t\t\t\t\t\tngg-4-columns\t\t\t\" \n\t\t\t>\n\t\t\t\t\t\t<div class=\"ngg-gallery-thumbnail\">\n\t\t\t<a href=\"https:\/\/pruchnik.przemyska.pl\/wp-content\/gallery\/osuszanie-murow\/DSC09191.JPG\"\n\t\t\t\ttitle=\" \"\n\t\t\t\tdata-src=\"https:\/\/pruchnik.przemyska.pl\/wp-content\/gallery\/osuszanie-murow\/DSC09191.JPG\"\n\t\t\t\tdata-thumbnail=\"https:\/\/pruchnik.przemyska.pl\/wp-content\/gallery\/osuszanie-murow\/thumbs\/thumbs_DSC09191.JPG\"\n\t\t\t\tdata-image-id=\"4557\"\n\t\t\t\tdata-title=\"DSC09191\"\n\t\t\t\tdata-description=\" \"\n\t\t\t\tdata-image-slug=\"dsc09191-2\"\n\t\t\t\tclass=\"ngg-fancybox\" rel=\"1d0854265a2bcc241c6748b2cb2897cc\">\n\t\t\t\t<img\n\t\t\t\t\ttitle=\"DSC09191\"\n\t\t\t\t\talt=\"DSC09191\"\n\t\t\t\t\tsrc=\"https:\/\/pruchnik.przemyska.pl\/wp-content\/gallery\/osuszanie-murow\/thumbs\/thumbs_DSC09191.JPG\"\n\t\t\t\t\twidth=\"240\"\n\t\t\t\t\theight=\"160\"\n\t\t\t\t\tstyle=\"max-width:100%;\"\n\t\t\t\t\/>\n\t\t\t<\/a>\n\t\t<\/div>\n\t\t\t\t\t\t\t<\/div> \n\t\t\t\n\t\n\t<br style=\"clear: both\" \/>\n\n\t\t<div class=\"slideshowlink\">\n\t\t<a href='https:\/\/pruchnik.przemyska.pl\/index.php\/remont-kosciola\/nggallery\/slideshow'>[Pokaz zdj\u0119\u0107]<\/a>\n\t\t\n\t<\/div>\n\t\n\t\t<!-- Pagination -->\n\t\t<div class='ngg-navigation'><span class='current'>1<\/span>\n<a class='page-numbers' data-pageid='2' href='https:\/\/pruchnik.przemyska.pl\/index.php\/remont-kosciola\/nggallery\/page\/2'>2<\/a>\n<a class='page-numbers' data-pageid='3' href='https:\/\/pruchnik.przemyska.pl\/index.php\/remont-kosciola\/nggallery\/page\/3'>3<\/a>\n<a class='prev' href='https:\/\/pruchnik.przemyska.pl\/index.php\/remont-kosciola\/nggallery\/page\/2' data-pageid=2>&#9658;<\/a><\/div>\t<\/div>\n<\/p>\n\n\n<p><em><strong>Parafia Rzymskokatolicka pw. \u015bw. Miko\u0142aja w Pruchniku<\/strong><\/em><em>\u00a0informuje, \u017ce\u00a0<\/em><em>w okresie od LIPCA 2024 r. do KWIETNIA 2025 r.,\u00a0<\/em><em>wykonano prace remontowo \u2013 konserwatorskie przy budynku XIV \u2013 wiecznego ko\u015bcio\u0142a parafialnego p.w. \u015bw. Miko\u0142aja Biskupa w Pruchniku wsp\u00f3\u0142finansowane ze \u015brodk\u00f3w finansowych \u00a0Rz\u0105dowego Programu Odbudowy Zabytk\u00f3w:<\/em><\/p>\n\n\n\n<p><em>&#8211; edycja 1 w zwi\u0105zku z wnioskiem o dofinansowanie z dnia 2023-03-24 nr RPOZ\/2022\/8584\/PolskiLad, z\u0142o\u017conym przez GMIN\u0118 PRUCHNIK z przeznaczeniem na realizacj\u0119 Inwestycji pn.&nbsp; Wykonanie prac remontowo \u2013 konserwatorskich przy budynku XIV \u2013 wiecznego ko\u015bcio\u0142a parafialnego p.w. \u015bw. Miko\u0142aja Biskupa w Pruchniku<\/em><\/p>\n\n\n\n<p><em>oraz<\/em><\/p>\n\n\n\n<p><em>&#8211;&nbsp;<\/em><em>edycja 2 w zwi\u0105zku z wnioskiem o dofinansowanie z dnia 14-08-2023 nr Edycja2RPOZ\/2023\/6547\/PolskiLad, z\u0142o\u017conym przez GMIN\u0118 PRUCHNIK z przeznaczeniem na realizacj\u0119 Inwestycji pn.&nbsp;<\/em><strong><em>\u201e<\/em><\/strong><em>Wykonanie prac remontowo \u2013 konserwatorskich przy budynku ko\u015bcio\u0142a w Pruchniku \u2013 etap II\u201d<\/em><em>&#8230;..<\/em><\/p>\n\n\n\n<p>CA\u0141KOWITA WARTO\u015a\u0106 INWESTYCJI ETAPU I i II PRAC wynios\u0142a:&nbsp;1&nbsp;326&nbsp;530,61 z\u0142 (ETAP I \u2013 816&nbsp;326,53 z\u0142; ETAP II \u2013 510&nbsp;204,08 z\u0142) przy DOFINANSOWANIU w kwocie: 1&nbsp;300&nbsp;000,00 z\u0142 (ETAP I \u2013 800 000,00 z\u0142; ETAP II \u2013 500&nbsp;000,00 z\u0142)<\/p>\n\n\n\n<p>Wi\u0119cej informacji pod poni\u017cszymi linkami:<\/p>\n\n\n\n<p><a href=\"https:\/\/pruchnik.bip.info.pl\/dokument,iddok,8340,idmp,447,r,r\">https:\/\/pruchnik.bip.info.pl\/dokument,iddok,8340,idmp,447,r,r<\/a><\/p>\n\n\n\n<p><a href=\"https:\/\/pruchnik.bip.info.pl\/dokument,iddok,8533,idmp,447,r,r\">https:\/\/pruchnik.bip.info.pl\/dokument,iddok,8533,idmp,447,r,r<\/a><\/p>\n","protected":false},"excerpt":{"rendered":"<p>Osuszanie mur\u00f3w ko\u015bcio\u0142a [Pokaz zdj\u0119\u0107] 1 2 3 &#9658; Parafia Rzymskokatolicka pw. \u015bw. Miko\u0142aja w Pruchniku\u00a0informuje, \u017ce\u00a0w okresie od LIPCA 2024 r. do KWIETNIA 2025 r.,\u00a0wykonano prace remontowo \u2013 konserwatorskie przy budynku XIV \u2013 wiecznego ko\u015bcio\u0142a parafialnego p.w. \u015bw. Miko\u0142aja Biskupa w Pruchniku wsp\u00f3\u0142finansowane ze \u015brodk\u00f3w finansowych \u00a0Rz\u0105dowego Programu Odbudowy Zabytk\u00f3w: &#8211; edycja 1 w zwi\u0105zku z wnioskiem o dofinansowanie z dnia 2023-03-24 nr RPOZ\/2022\/8584\/PolskiLad,&hellip;<a href=\"https:\/\/pruchnik.przemyska.pl\/index.php\/remont-kosciola\/\" class=\"more-link\">Continue reading <span class=\"screen-reader-text\">Remont ko\u015bcio\u0142a<\/span><\/a><\/p>\n","protected":false},"author":6,"featured_media":0,"parent":0,"menu_order":0,"comment_status":"closed","ping_status":"closed","template":"page_fullwidth.php","meta":{"ngg_post_thumbnail":0,"footnotes":""},"class_list":["post-11777","page","type-page","status-publish","hentry"],"_links":{"self":[{"href":"https:\/\/pruchnik.przemyska.pl\/index.php\/wp-json\/wp\/v2\/pages\/11777","targetHints":{"allow":["GET"]}}],"collection":[{"href":"https:\/\/pruchnik.przemyska.pl\/index.php\/wp-json\/wp\/v2\/pages"}],"about":[{"href":"https:\/\/pruchnik.przemyska.pl\/index.php\/wp-json\/wp\/v2\/types\/page"}],"author":[{"embeddable":true,"href":"https:\/\/pruchnik.przemyska.pl\/index.php\/wp-json\/wp\/v2\/users\/6"}],"replies":[{"embeddable":true,"href":"https:\/\/pruchnik.przemyska.pl\/index.php\/wp-json\/wp\/v2\/comments?post=11777"}],"version-history":[{"count":7,"href":"https:\/\/pruchnik.przemyska.pl\/index.php\/wp-json\/wp\/v2\/pages\/11777\/revisions"}],"predecessor-version":[{"id":16070,"href":"https:\/\/pruchnik.przemyska.pl\/index.php\/wp-json\/wp\/v2\/pages\/11777\/revisions\/16070"}],"wp:attachment":[{"href":"https:\/\/pruchnik.przemyska.pl\/index.php\/wp-json\/wp\/v2\/media?parent=11777"}],"curies":[{"name":"wp","href":"https:\/\/api.w.org\/{rel}","templated":true}]}}