{"id":555,"date":"2016-02-24T19:21:28","date_gmt":"2016-02-24T18:21:28","guid":{"rendered":"https:\/\/pruchnik.przemyska.pl\/?page_id=555"},"modified":"2024-07-17T22:21:30","modified_gmt":"2024-07-17T20:21:30","slug":"galeria-zdjec-2","status":"publish","type":"page","link":"https:\/\/pruchnik.przemyska.pl\/index.php\/galeria-zdjec-2\/","title":{"rendered":"Galeria Zdj\u0119\u0107"},"content":{"rendered":"\n<p class=\"has-text-align-center has-large-font-size\"><strong>Rok 2024<\/strong><\/p>\n\n\n\n<p><\/p>\n\n\n\n<div class=\"wp-block-columns is-layout-flex wp-container-core-columns-is-layout-2 wp-block-columns-is-layout-flex\">\n<div class=\"wp-block-column is-layout-flow wp-block-column-is-layout-flow\">\n<div class=\"wp-block-columns is-layout-flex wp-container-core-columns-is-layout-1 wp-block-columns-is-layout-flex\">\n<div class=\"wp-block-column is-layout-flow wp-block-column-is-layout-flow\" style=\"flex-basis:100%\">\n<figure class=\"wp-block-image size-large is-resized\"><a href=\"https:\/\/pruchnik.przemyska.pl\/index.php\/triduum-paschalne\/?preview=true\"><img loading=\"lazy\" decoding=\"async\" src=\"https:\/\/pruchnik.przemyska.pl\/wp-content\/uploads\/WS-2-1-1024x683.jpg\" alt=\"\" class=\"wp-image-15233\" width=\"254\" height=\"169\" srcset=\"https:\/\/pruchnik.przemyska.pl\/wp-content\/uploads\/WS-2-1-1024x683.jpg 1024w, https:\/\/pruchnik.przemyska.pl\/wp-content\/uploads\/WS-2-1-300x200.jpg 300w, https:\/\/pruchnik.przemyska.pl\/wp-content\/uploads\/WS-2-1-768x512.jpg 768w, https:\/\/pruchnik.przemyska.pl\/wp-content\/uploads\/WS-2-1-750x500.jpg 750w, https:\/\/pruchnik.przemyska.pl\/wp-content\/uploads\/WS-2-1-272x182.jpg 272w, https:\/\/pruchnik.przemyska.pl\/wp-content\/uploads\/WS-2-1.jpg 1330w\" sizes=\"auto, (max-width: 254px) 100vw, 254px\" \/><\/a><figcaption class=\"wp-element-caption\"><strong><center>Triduum Paschalne<\/center><\/strong><\/figcaption><\/figure>\n<\/div>\n<\/div>\n<\/div>\n\n\n\n<div class=\"wp-block-column is-layout-flow wp-block-column-is-layout-flow\">\n<figure class=\"wp-block-image size-large\"><a href=\"https:\/\/pruchnik.przemyska.pl\/index.php\/droga-krzyzowa-2\/\"><img loading=\"lazy\" decoding=\"async\" width=\"1024\" height=\"768\" src=\"https:\/\/pruchnik.przemyska.pl\/wp-content\/uploads\/DSC00102-2-1024x768.jpg\" alt=\"\" class=\"wp-image-15236\" srcset=\"https:\/\/pruchnik.przemyska.pl\/wp-content\/uploads\/DSC00102-2-1024x768.jpg 1024w, https:\/\/pruchnik.przemyska.pl\/wp-content\/uploads\/DSC00102-2-300x225.jpg 300w, https:\/\/pruchnik.przemyska.pl\/wp-content\/uploads\/DSC00102-2-768x576.jpg 768w, https:\/\/pruchnik.przemyska.pl\/wp-content\/uploads\/DSC00102-2-1536x1152.jpg 1536w, https:\/\/pruchnik.przemyska.pl\/wp-content\/uploads\/DSC00102-2-2048x1536.jpg 2048w, https:\/\/pruchnik.przemyska.pl\/wp-content\/uploads\/DSC00102-2-750x563.jpg 750w, https:\/\/pruchnik.przemyska.pl\/wp-content\/uploads\/DSC00102-2-scaled.jpg 1920w\" sizes=\"auto, (max-width: 1024px) 100vw, 1024px\" \/><\/a><figcaption class=\"wp-element-caption\"><strong><center>Droga Krzy\u017cowa<\/center><\/strong><\/figcaption><\/figure>\n<\/div>\n\n\n\n<div class=\"wp-block-column is-layout-flow wp-block-column-is-layout-flow\">\n<figure class=\"wp-block-image size-large\"><a href=\"https:\/\/pruchnik.przemyska.pl\/index.php\/rezurekcja-3\/\"><img loading=\"lazy\" decoding=\"async\" width=\"1024\" height=\"768\" src=\"https:\/\/pruchnik.przemyska.pl\/wp-content\/uploads\/R-10-2-1024x768.jpg\" alt=\"\" class=\"wp-image-15237\" srcset=\"https:\/\/pruchnik.przemyska.pl\/wp-content\/uploads\/R-10-2-1024x768.jpg 1024w, https:\/\/pruchnik.przemyska.pl\/wp-content\/uploads\/R-10-2-300x225.jpg 300w, https:\/\/pruchnik.przemyska.pl\/wp-content\/uploads\/R-10-2-768x576.jpg 768w, https:\/\/pruchnik.przemyska.pl\/wp-content\/uploads\/R-10-2-750x563.jpg 750w, https:\/\/pruchnik.przemyska.pl\/wp-content\/uploads\/R-10-2.jpg 1330w\" sizes=\"auto, (max-width: 1024px) 100vw, 1024px\" \/><\/a><figcaption class=\"wp-element-caption\"><strong><center>Rezurekcja<\/center><\/strong><\/figcaption><\/figure>\n<\/div>\n<\/div>\n\n\n\n<div class=\"wp-block-columns is-layout-flex wp-container-core-columns-is-layout-3 wp-block-columns-is-layout-flex\">\n<div class=\"wp-block-column is-layout-flow wp-block-column-is-layout-flow\"><div class=\"wp-block-image\">\n<figure class=\"aligncenter size-full\"><a href=\"https:\/\/pruchnik.przemyska.pl\/index.php\/boze-cialo-2024\/\"><img loading=\"lazy\" decoding=\"async\" width=\"1000\" height=\"668\" src=\"https:\/\/pruchnik.przemyska.pl\/wp-content\/uploads\/nr020-1.jpg\" alt=\"\" class=\"wp-image-15391\" srcset=\"https:\/\/pruchnik.przemyska.pl\/wp-content\/uploads\/nr020-1.jpg 1000w, https:\/\/pruchnik.przemyska.pl\/wp-content\/uploads\/nr020-1-300x200.jpg 300w, https:\/\/pruchnik.przemyska.pl\/wp-content\/uploads\/nr020-1-768x513.jpg 768w, https:\/\/pruchnik.przemyska.pl\/wp-content\/uploads\/nr020-1-750x501.jpg 750w, https:\/\/pruchnik.przemyska.pl\/wp-content\/uploads\/nr020-1-272x182.jpg 272w\" sizes=\"auto, (max-width: 1000px) 100vw, 1000px\" \/><\/a><figcaption class=\"wp-element-caption\"><strong><center>Bo\u017ce Cia\u0142o<\/center><\/strong><\/figcaption><\/figure><\/div><\/div>\n\n\n\n<div class=\"wp-block-column is-layout-flow wp-block-column-is-layout-flow\">\n<figure class=\"wp-block-image size-full\"><a href=\"https:\/\/pruchnik.przemyska.pl\/index.php\/hsbg-w-strachocinie\/\"><img loading=\"lazy\" decoding=\"async\" width=\"1000\" height=\"751\" src=\"https:\/\/pruchnik.przemyska.pl\/wp-content\/uploads\/008-3.jpg\" alt=\"\" class=\"wp-image-15392\" srcset=\"https:\/\/pruchnik.przemyska.pl\/wp-content\/uploads\/008-3.jpg 1000w, https:\/\/pruchnik.przemyska.pl\/wp-content\/uploads\/008-3-300x225.jpg 300w, https:\/\/pruchnik.przemyska.pl\/wp-content\/uploads\/008-3-768x577.jpg 768w, https:\/\/pruchnik.przemyska.pl\/wp-content\/uploads\/008-3-750x563.jpg 750w\" sizes=\"auto, (max-width: 1000px) 100vw, 1000px\" \/><\/a><figcaption class=\"wp-element-caption\"><strong><center>HSBG w Strachocinie<\/center><\/strong><\/figcaption><\/figure>\n<\/div>\n\n\n\n<div class=\"wp-block-column is-layout-flow wp-block-column-is-layout-flow\">\n<figure class=\"wp-block-image size-full\"><a href=\"https:\/\/pruchnik.przemyska.pl\/index.php\/modlitwa-o-beatyfikacje-slugi-bozego-ks-wlodzimierza-szembeka\/\"><img loading=\"lazy\" decoding=\"async\" width=\"1000\" height=\"751\" src=\"https:\/\/pruchnik.przemyska.pl\/wp-content\/uploads\/029-1.jpg\" alt=\"\" class=\"wp-image-15393\" srcset=\"https:\/\/pruchnik.przemyska.pl\/wp-content\/uploads\/029-1.jpg 1000w, https:\/\/pruchnik.przemyska.pl\/wp-content\/uploads\/029-1-300x225.jpg 300w, https:\/\/pruchnik.przemyska.pl\/wp-content\/uploads\/029-1-768x577.jpg 768w, https:\/\/pruchnik.przemyska.pl\/wp-content\/uploads\/029-1-750x563.jpg 750w\" sizes=\"auto, (max-width: 1000px) 100vw, 1000px\" \/><\/a><figcaption class=\"wp-element-caption\"><strong><center>Modlitwa o beatyfikacje S\u0142ugi Bo\u017cego ks. W\u0142odzimierza Szembeka<\/center><\/strong><\/figcaption><\/figure>\n<\/div>\n<\/div>\n\n\n\n<div class=\"wp-block-columns is-layout-flex wp-container-core-columns-is-layout-4 wp-block-columns-is-layout-flex\">\n<div class=\"wp-block-column is-layout-flow wp-block-column-is-layout-flow\"><div class=\"wp-block-image\">\n<figure class=\"aligncenter size-full\"><a href=\"https:\/\/pruchnik.przemyska.pl\/index.php\/bierzmowanie\/?preview=true\"><img loading=\"lazy\" decoding=\"async\" width=\"1000\" height=\"751\" src=\"https:\/\/pruchnik.przemyska.pl\/wp-content\/uploads\/Zdj.025-2.jpg\" alt=\"\" class=\"wp-image-15551\" srcset=\"https:\/\/pruchnik.przemyska.pl\/wp-content\/uploads\/Zdj.025-2.jpg 1000w, https:\/\/pruchnik.przemyska.pl\/wp-content\/uploads\/Zdj.025-2-300x225.jpg 300w, https:\/\/pruchnik.przemyska.pl\/wp-content\/uploads\/Zdj.025-2-768x577.jpg 768w, https:\/\/pruchnik.przemyska.pl\/wp-content\/uploads\/Zdj.025-2-750x563.jpg 750w\" sizes=\"auto, (max-width: 1000px) 100vw, 1000px\" \/><\/a><figcaption class=\"wp-element-caption\"><strong><center>Bierzmowanie<\/center><\/strong><\/figcaption><\/figure><\/div><\/div>\n\n\n\n<div class=\"wp-block-column is-layout-flow wp-block-column-is-layout-flow\"><div class=\"wp-block-image\">\n<figure class=\"aligncenter size-full is-resized\"><a href=\"https:\/\/pruchnik.przemyska.pl\/index.php\/130-lecie-hsbg\/?preview=true\"><img loading=\"lazy\" decoding=\"async\" src=\"https:\/\/pruchnik.przemyska.pl\/wp-content\/uploads\/Zdj.-024-1.jpg\" alt=\"\" class=\"wp-image-15552\" width=\"262\" height=\"193\"\/><\/a><figcaption class=\"wp-element-caption\"><strong><center>130 lecie HSBG<\/center><\/strong><\/figcaption><\/figure><\/div><\/div>\n\n\n\n<div class=\"wp-block-column is-layout-flow wp-block-column-is-layout-flow\"><\/div>\n<\/div>\n\n\n\n<hr class=\"wp-block-separator has-alpha-channel-opacity\"\/>\n\n\n\n<p class=\"has-text-align-center has-large-font-size\"><strong>Rok 2023<\/strong><\/p>\n\n\n\n<div class=\"wp-block-columns is-layout-flex wp-container-core-columns-is-layout-5 wp-block-columns-is-layout-flex\">\n<div class=\"wp-block-column is-layout-flow wp-block-column-is-layout-flow\">\n<figure class=\"wp-block-image size-large\"><a href=\"https:\/\/pruchnik.przemyska.pl\/index.php\/boze-cialo-2023\/\"><img loading=\"lazy\" decoding=\"async\" width=\"1024\" height=\"683\" src=\"https:\/\/pruchnik.przemyska.pl\/wp-content\/uploads\/Zdj-069-1-1024x683.jpg\" alt=\"\" class=\"wp-image-14786\" srcset=\"https:\/\/pruchnik.przemyska.pl\/wp-content\/uploads\/Zdj-069-1-1024x683.jpg 1024w, https:\/\/pruchnik.przemyska.pl\/wp-content\/uploads\/Zdj-069-1-300x200.jpg 300w, https:\/\/pruchnik.przemyska.pl\/wp-content\/uploads\/Zdj-069-1-768x513.jpg 768w, https:\/\/pruchnik.przemyska.pl\/wp-content\/uploads\/Zdj-069-1-750x501.jpg 750w, https:\/\/pruchnik.przemyska.pl\/wp-content\/uploads\/Zdj-069-1-272x182.jpg 272w, https:\/\/pruchnik.przemyska.pl\/wp-content\/uploads\/Zdj-069-1.jpg 1500w\" sizes=\"auto, (max-width: 1024px) 100vw, 1024px\" \/><\/a><figcaption class=\"wp-element-caption\"><center><strong>Bo\u017ce Cia\u0142o<\/strong><\/center><\/figcaption><\/figure>\n<\/div>\n\n\n\n<div class=\"wp-block-column is-layout-flow wp-block-column-is-layout-flow\">\n<figure class=\"wp-block-image size-large is-resized\"><a href=\"https:\/\/pruchnik.przemyska.pl\/index.php\/rezurekcja\/\"><img loading=\"lazy\" decoding=\"async\" src=\"https:\/\/pruchnik.przemyska.pl\/wp-content\/uploads\/Zdj.-Wielkanoc-2023_012-5-1024x769.jpg\" alt=\"\" class=\"wp-image-14308\" width=\"256\" height=\"192\" srcset=\"https:\/\/pruchnik.przemyska.pl\/wp-content\/uploads\/Zdj.-Wielkanoc-2023_012-5-1024x769.jpg 1024w, https:\/\/pruchnik.przemyska.pl\/wp-content\/uploads\/Zdj.-Wielkanoc-2023_012-5-300x225.jpg 300w, https:\/\/pruchnik.przemyska.pl\/wp-content\/uploads\/Zdj.-Wielkanoc-2023_012-5-768x577.jpg 768w, https:\/\/pruchnik.przemyska.pl\/wp-content\/uploads\/Zdj.-Wielkanoc-2023_012-5-1536x1154.jpg 1536w, https:\/\/pruchnik.przemyska.pl\/wp-content\/uploads\/Zdj.-Wielkanoc-2023_012-5-750x563.jpg 750w, https:\/\/pruchnik.przemyska.pl\/wp-content\/uploads\/Zdj.-Wielkanoc-2023_012-5.jpg 1920w\" sizes=\"auto, (max-width: 256px) 100vw, 256px\" \/><\/a><figcaption class=\"wp-element-caption\"><center><strong>Rezurekcja<\/strong><\/center><\/figcaption><\/figure>\n<\/div>\n\n\n\n<div class=\"wp-block-column is-layout-flow wp-block-column-is-layout-flow\">\n<figure class=\"wp-block-image size-large\"><a href=\"https:\/\/pruchnik.przemyska.pl\/index.php\/wielka-sobota\/\"><img loading=\"lazy\" decoding=\"async\" width=\"1024\" height=\"768\" src=\"https:\/\/pruchnik.przemyska.pl\/wp-content\/uploads\/DSC00230-2-1024x768.jpg\" alt=\"\" class=\"wp-image-14310\" srcset=\"https:\/\/pruchnik.przemyska.pl\/wp-content\/uploads\/DSC00230-2-1024x768.jpg 1024w, https:\/\/pruchnik.przemyska.pl\/wp-content\/uploads\/DSC00230-2-300x225.jpg 300w, https:\/\/pruchnik.przemyska.pl\/wp-content\/uploads\/DSC00230-2-768x576.jpg 768w, https:\/\/pruchnik.przemyska.pl\/wp-content\/uploads\/DSC00230-2-1536x1152.jpg 1536w, https:\/\/pruchnik.przemyska.pl\/wp-content\/uploads\/DSC00230-2-2048x1536.jpg 2048w, https:\/\/pruchnik.przemyska.pl\/wp-content\/uploads\/DSC00230-2-750x563.jpg 750w, https:\/\/pruchnik.przemyska.pl\/wp-content\/uploads\/DSC00230-2-scaled.jpg 1920w\" sizes=\"auto, (max-width: 1024px) 100vw, 1024px\" \/><\/a><figcaption class=\"wp-element-caption\"><center><strong>Wielka Sobota<\/strong><\/center><\/figcaption><\/figure>\n<\/div>\n<\/div>\n\n\n\n<div class=\"wp-block-columns is-layout-flex wp-container-core-columns-is-layout-6 wp-block-columns-is-layout-flex\">\n<div class=\"wp-block-column is-layout-flow wp-block-column-is-layout-flow\">\n<figure class=\"wp-block-image size-large\"><a href=\"https:\/\/pruchnik.przemyska.pl\/index.php\/pasterka-2023\/\"><img loading=\"lazy\" decoding=\"async\" width=\"1024\" height=\"768\" src=\"https:\/\/pruchnik.przemyska.pl\/wp-content\/uploads\/DSC00287-1-1024x768.jpg\" alt=\"\" class=\"wp-image-14992\" srcset=\"https:\/\/pruchnik.przemyska.pl\/wp-content\/uploads\/DSC00287-1-1024x768.jpg 1024w, https:\/\/pruchnik.przemyska.pl\/wp-content\/uploads\/DSC00287-1-300x225.jpg 300w, https:\/\/pruchnik.przemyska.pl\/wp-content\/uploads\/DSC00287-1-768x576.jpg 768w, https:\/\/pruchnik.przemyska.pl\/wp-content\/uploads\/DSC00287-1-750x563.jpg 750w, https:\/\/pruchnik.przemyska.pl\/wp-content\/uploads\/DSC00287-1.jpg 1296w\" sizes=\"auto, (max-width: 1024px) 100vw, 1024px\" \/><\/a><figcaption class=\"wp-element-caption\"><center><strong>Pasterka<\/strong><\/center><\/figcaption><\/figure>\n<\/div>\n\n\n\n<div class=\"wp-block-column is-layout-flow wp-block-column-is-layout-flow\"><\/div>\n\n\n\n<div class=\"wp-block-column is-layout-flow wp-block-column-is-layout-flow\"><\/div>\n<\/div>\n\n\n\n<hr class=\"wp-block-separator has-alpha-channel-opacity\"\/>\n\n\n\n<p class=\"has-text-align-center has-large-font-size\"><strong>Rok 2022<\/strong><\/p>\n\n\n\n<div class=\"wp-block-columns is-layout-flex wp-container-core-columns-is-layout-7 wp-block-columns-is-layout-flex\">\n<div class=\"wp-block-column is-vertically-aligned-center is-layout-flow wp-block-column-is-layout-flow\">\n<figure class=\"wp-block-image size-large is-style-default\"><a href=\"https:\/\/pruchnik.przemyska.pl\/index.php\/boze-cialo\/\"><img loading=\"lazy\" decoding=\"async\" width=\"1024\" height=\"682\" src=\"https:\/\/pruchnik.przemyska.pl\/wp-content\/uploads\/Zdj_058-2-1024x682.jpg\" alt=\"\" class=\"wp-image-14626\" srcset=\"https:\/\/pruchnik.przemyska.pl\/wp-content\/uploads\/Zdj_058-2-1024x682.jpg 1024w, https:\/\/pruchnik.przemyska.pl\/wp-content\/uploads\/Zdj_058-2-300x200.jpg 300w, https:\/\/pruchnik.przemyska.pl\/wp-content\/uploads\/Zdj_058-2-768x512.jpg 768w, https:\/\/pruchnik.przemyska.pl\/wp-content\/uploads\/Zdj_058-2-1536x1024.jpg 1536w, https:\/\/pruchnik.przemyska.pl\/wp-content\/uploads\/Zdj_058-2-750x500.jpg 750w, https:\/\/pruchnik.przemyska.pl\/wp-content\/uploads\/Zdj_058-2-272x182.jpg 272w, https:\/\/pruchnik.przemyska.pl\/wp-content\/uploads\/Zdj_058-2.jpg 1920w\" sizes=\"auto, (max-width: 1024px) 100vw, 1024px\" \/><\/a><figcaption class=\"wp-element-caption\"><center><strong>Bo\u017ce Cia\u0142o<\/strong><\/center><\/figcaption><\/figure>\n<\/div>\n\n\n\n<div class=\"wp-block-column is-layout-flow wp-block-column-is-layout-flow\">\n<figure class=\"wp-block-image size-large is-resized\"><a href=\"https:\/\/pruchnik.przemyska.pl\/index.php\/rezurekcja-2\/\"><img loading=\"lazy\" decoding=\"async\" src=\"https:\/\/pruchnik.przemyska.pl\/wp-content\/uploads\/P1004868-2-1024x769.jpg\" alt=\"\" class=\"wp-image-14613\" width=\"256\" height=\"192\" srcset=\"https:\/\/pruchnik.przemyska.pl\/wp-content\/uploads\/P1004868-2-1024x769.jpg 1024w, https:\/\/pruchnik.przemyska.pl\/wp-content\/uploads\/P1004868-2-300x225.jpg 300w, https:\/\/pruchnik.przemyska.pl\/wp-content\/uploads\/P1004868-2-768x577.jpg 768w, https:\/\/pruchnik.przemyska.pl\/wp-content\/uploads\/P1004868-2-1536x1154.jpg 1536w, https:\/\/pruchnik.przemyska.pl\/wp-content\/uploads\/P1004868-2-750x563.jpg 750w, https:\/\/pruchnik.przemyska.pl\/wp-content\/uploads\/P1004868-2.jpg 1920w\" sizes=\"auto, (max-width: 256px) 100vw, 256px\" \/><\/a><figcaption class=\"wp-element-caption\"><strong><center>Rezurekcja<\/center><\/strong><\/figcaption><\/figure>\n<\/div>\n\n\n\n<div class=\"wp-block-column is-layout-flow wp-block-column-is-layout-flow\">\n<figure class=\"wp-block-image size-large is-resized\"><a href=\"https:\/\/pruchnik.przemyska.pl\/index.php\/wielka-sobota-2\/\"><img loading=\"lazy\" decoding=\"async\" src=\"https:\/\/pruchnik.przemyska.pl\/wp-content\/uploads\/DSC00145-1-1024x768.jpg\" alt=\"\" class=\"wp-image-14614\" width=\"256\" height=\"192\" srcset=\"https:\/\/pruchnik.przemyska.pl\/wp-content\/uploads\/DSC00145-1-1024x768.jpg 1024w, https:\/\/pruchnik.przemyska.pl\/wp-content\/uploads\/DSC00145-1-300x225.jpg 300w, https:\/\/pruchnik.przemyska.pl\/wp-content\/uploads\/DSC00145-1-768x576.jpg 768w, https:\/\/pruchnik.przemyska.pl\/wp-content\/uploads\/DSC00145-1-1536x1152.jpg 1536w, https:\/\/pruchnik.przemyska.pl\/wp-content\/uploads\/DSC00145-1-2048x1536.jpg 2048w, https:\/\/pruchnik.przemyska.pl\/wp-content\/uploads\/DSC00145-1-750x563.jpg 750w, https:\/\/pruchnik.przemyska.pl\/wp-content\/uploads\/DSC00145-1-scaled.jpg 1920w\" sizes=\"auto, (max-width: 256px) 100vw, 256px\" \/><\/a><figcaption class=\"wp-element-caption\"><strong><center>Wielka Sobota<\/center><\/strong><\/figcaption><\/figure>\n<\/div>\n<\/div>\n\n\n\n<div class=\"wp-block-columns is-layout-flex wp-container-core-columns-is-layout-8 wp-block-columns-is-layout-flex\">\n<div class=\"wp-block-column is-layout-flow wp-block-column-is-layout-flow\">\n<figure class=\"wp-block-image size-large\"><a href=\"https:\/\/pruchnik.przemyska.pl\/index.php\/wielki-piatek-2\/\"><img loading=\"lazy\" decoding=\"async\" width=\"1024\" height=\"768\" src=\"https:\/\/pruchnik.przemyska.pl\/wp-content\/uploads\/DSC00109-1-1024x768.jpg\" alt=\"\" class=\"wp-image-14615\" srcset=\"https:\/\/pruchnik.przemyska.pl\/wp-content\/uploads\/DSC00109-1-1024x768.jpg 1024w, https:\/\/pruchnik.przemyska.pl\/wp-content\/uploads\/DSC00109-1-300x225.jpg 300w, https:\/\/pruchnik.przemyska.pl\/wp-content\/uploads\/DSC00109-1-768x576.jpg 768w, https:\/\/pruchnik.przemyska.pl\/wp-content\/uploads\/DSC00109-1-1536x1152.jpg 1536w, https:\/\/pruchnik.przemyska.pl\/wp-content\/uploads\/DSC00109-1-2048x1536.jpg 2048w, https:\/\/pruchnik.przemyska.pl\/wp-content\/uploads\/DSC00109-1-750x563.jpg 750w, https:\/\/pruchnik.przemyska.pl\/wp-content\/uploads\/DSC00109-1-scaled.jpg 1920w\" sizes=\"auto, (max-width: 1024px) 100vw, 1024px\" \/><\/a><figcaption class=\"wp-element-caption\"><strong><center>Wielki Pi\u0105tek<\/center><\/strong><\/figcaption><\/figure>\n<\/div>\n\n\n\n<div class=\"wp-block-column is-layout-flow wp-block-column-is-layout-flow\">\n<figure class=\"wp-block-image size-large is-resized\"><a href=\"https:\/\/pruchnik.przemyska.pl\/index.php\/droga-krzyzowa\/\"><img loading=\"lazy\" decoding=\"async\" src=\"https:\/\/pruchnik.przemyska.pl\/wp-content\/uploads\/DSC00091-1-1024x768.jpg\" alt=\"\" class=\"wp-image-14616\" width=\"256\" height=\"192\" srcset=\"https:\/\/pruchnik.przemyska.pl\/wp-content\/uploads\/DSC00091-1-1024x768.jpg 1024w, https:\/\/pruchnik.przemyska.pl\/wp-content\/uploads\/DSC00091-1-300x225.jpg 300w, https:\/\/pruchnik.przemyska.pl\/wp-content\/uploads\/DSC00091-1-768x576.jpg 768w, https:\/\/pruchnik.przemyska.pl\/wp-content\/uploads\/DSC00091-1-1536x1152.jpg 1536w, https:\/\/pruchnik.przemyska.pl\/wp-content\/uploads\/DSC00091-1-2048x1536.jpg 2048w, https:\/\/pruchnik.przemyska.pl\/wp-content\/uploads\/DSC00091-1-750x563.jpg 750w, https:\/\/pruchnik.przemyska.pl\/wp-content\/uploads\/DSC00091-1-scaled.jpg 1920w\" sizes=\"auto, (max-width: 256px) 100vw, 256px\" \/><\/a><figcaption class=\"wp-element-caption\"><strong><center>Droga krzy\u017cowa<\/center><\/strong><\/figcaption><\/figure>\n<\/div>\n\n\n\n<div class=\"wp-block-column is-layout-flow wp-block-column-is-layout-flow\">\n<figure class=\"wp-block-image size-large\"><a href=\"https:\/\/pruchnik.przemyska.pl\/index.php\/wielki-czwartek-2\/\"><img loading=\"lazy\" decoding=\"async\" width=\"1024\" height=\"768\" src=\"https:\/\/pruchnik.przemyska.pl\/wp-content\/uploads\/DSC00041-1-1024x768.jpg\" alt=\"\" class=\"wp-image-14617\" srcset=\"https:\/\/pruchnik.przemyska.pl\/wp-content\/uploads\/DSC00041-1-1024x768.jpg 1024w, https:\/\/pruchnik.przemyska.pl\/wp-content\/uploads\/DSC00041-1-300x225.jpg 300w, https:\/\/pruchnik.przemyska.pl\/wp-content\/uploads\/DSC00041-1-768x576.jpg 768w, https:\/\/pruchnik.przemyska.pl\/wp-content\/uploads\/DSC00041-1-1536x1152.jpg 1536w, https:\/\/pruchnik.przemyska.pl\/wp-content\/uploads\/DSC00041-1-2048x1536.jpg 2048w, https:\/\/pruchnik.przemyska.pl\/wp-content\/uploads\/DSC00041-1-750x563.jpg 750w, https:\/\/pruchnik.przemyska.pl\/wp-content\/uploads\/DSC00041-1-scaled.jpg 1920w\" sizes=\"auto, (max-width: 1024px) 100vw, 1024px\" \/><\/a><figcaption class=\"wp-element-caption\"><strong><center>Wielki Czwartek<\/center><\/strong><\/figcaption><\/figure>\n<\/div>\n<\/div>\n\n\n\n<div class=\"wp-block-columns is-layout-flex wp-container-core-columns-is-layout-9 wp-block-columns-is-layout-flex\">\n<div class=\"wp-block-column is-layout-flow wp-block-column-is-layout-flow\">\n<figure class=\"wp-block-image size-large\"><a href=\"https:\/\/pruchnik.przemyska.pl\/index.php\/niedziela-palmowa-2\/\"><img loading=\"lazy\" decoding=\"async\" width=\"1024\" height=\"769\" src=\"https:\/\/pruchnik.przemyska.pl\/wp-content\/uploads\/P1004829-2-1024x769.jpg\" alt=\"\" class=\"wp-image-14619\" srcset=\"https:\/\/pruchnik.przemyska.pl\/wp-content\/uploads\/P1004829-2-1024x769.jpg 1024w, https:\/\/pruchnik.przemyska.pl\/wp-content\/uploads\/P1004829-2-300x225.jpg 300w, https:\/\/pruchnik.przemyska.pl\/wp-content\/uploads\/P1004829-2-768x577.jpg 768w, https:\/\/pruchnik.przemyska.pl\/wp-content\/uploads\/P1004829-2-1536x1153.jpg 1536w, https:\/\/pruchnik.przemyska.pl\/wp-content\/uploads\/P1004829-2-2048x1538.jpg 2048w, https:\/\/pruchnik.przemyska.pl\/wp-content\/uploads\/P1004829-2-750x563.jpg 750w, https:\/\/pruchnik.przemyska.pl\/wp-content\/uploads\/P1004829-2-scaled.jpg 1920w\" sizes=\"auto, (max-width: 1024px) 100vw, 1024px\" \/><\/a><figcaption class=\"wp-element-caption\"><strong><center>Niedziela Palmowa<\/center><\/strong><\/figcaption><\/figure>\n<\/div>\n\n\n\n<div class=\"wp-block-column is-layout-flow wp-block-column-is-layout-flow\"><\/div>\n\n\n\n<div class=\"wp-block-column is-layout-flow wp-block-column-is-layout-flow\"><\/div>\n<\/div>\n\n\n\n<hr class=\"wp-block-separator has-alpha-channel-opacity\"\/>\n","protected":false},"excerpt":{"rendered":"<p>Rok 2024 Rok 2023 Rok 2022<\/p>\n","protected":false},"author":6,"featured_media":0,"parent":0,"menu_order":0,"comment_status":"closed","ping_status":"closed","template":"","meta":{"ngg_post_thumbnail":0,"footnotes":""},"class_list":["post-555","page","type-page","status-publish","hentry"],"_links":{"self":[{"href":"https:\/\/pruchnik.przemyska.pl\/index.php\/wp-json\/wp\/v2\/pages\/555","targetHints":{"allow":["GET"]}}],"collection":[{"href":"https:\/\/pruchnik.przemyska.pl\/index.php\/wp-json\/wp\/v2\/pages"}],"about":[{"href":"https:\/\/pruchnik.przemyska.pl\/index.php\/wp-json\/wp\/v2\/types\/page"}],"author":[{"embeddable":true,"href":"https:\/\/pruchnik.przemyska.pl\/index.php\/wp-json\/wp\/v2\/users\/6"}],"replies":[{"embeddable":true,"href":"https:\/\/pruchnik.przemyska.pl\/index.php\/wp-json\/wp\/v2\/comments?post=555"}],"version-history":[{"count":52,"href":"https:\/\/pruchnik.przemyska.pl\/index.php\/wp-json\/wp\/v2\/pages\/555\/revisions"}],"predecessor-version":[{"id":15565,"href":"https:\/\/pruchnik.przemyska.pl\/index.php\/wp-json\/wp\/v2\/pages\/555\/revisions\/15565"}],"wp:attachment":[{"href":"https:\/\/pruchnik.przemyska.pl\/index.php\/wp-json\/wp\/v2\/media?parent=555"}],"curies":[{"name":"wp","href":"https:\/\/api.w.org\/{rel}","templated":true}]}}