{"id":7609,"date":"2019-03-24T21:40:55","date_gmt":"2019-03-24T20:40:55","guid":{"rendered":"https:\/\/pruchnik.przemyska.pl\/?page_id=7609"},"modified":"2019-09-10T17:18:40","modified_gmt":"2019-09-10T15:18:40","slug":"chrzest","status":"publish","type":"page","link":"https:\/\/pruchnik.przemyska.pl\/index.php\/chrzest\/","title":{"rendered":"Chrzest"},"content":{"rendered":"<h3 data-fontsize=\"24\" data-lineheight=\"24\">Co nale\u017cy przygotowa\u0107, zanim udamy si\u0119 do kancelarii w sprawie chrztu?<\/h3>\n<p>1. Wybra\u0107 imi\u0119 (imiona) dla dziecka. Najlepiej pos\u0142u\u017cy\u0107 si\u0119 katalogiem os\u00f3b \u015bwi\u0119tych, aby dziecko mia\u0142o \u015bwi\u0119tego patrona.<br \/>\n2. Wybra\u0107 matk\u0119 i ojca chrzestnego (maj\u0105 to by\u0107 osoby wierz\u0105ce i praktykuj\u0105ce) oraz zna\u0107 ich dane: nazwisko i imi\u0119, stan cywilny, wiek, data i miejsce \u015blubu ko\u015bcielnego, miejsce zamieszkania.<br \/>\n3. Posiada\u0107 \u015bwiadectwo urodzenia dziecka.<br \/>\n4. Zna\u0107 najwa\u017cniejsze dane dziecka i rodzic\u00f3w oraz planowane szczeg\u00f3\u0142y chrztu.<br \/>\n5. Rodzice chrzestni mieszkaj\u0105cy poza terenem naszej parafii s\u0105 zobowi\u0105zani uzyska\u0107 za\u015bwiadczenia, \u017ce s\u0105 wierz\u0105cymi i praktykuj\u0105cymi katolikami. Za\u015bwiadczenia takie wydaje kancelaria parafii, do kt\u00f3rej nale\u017c\u0105 (przynale\u017cno\u015b\u0107 do Parafii okre\u015bla aktualne miejsce <strong>zamieszkania<\/strong>).<br \/>\n6. Rodzice i chrzestni powinni by\u0107 w stanie \u0142aski u\u015bwi\u0119caj\u0105cej, by m\u00f3c w pe\u0142ni uczestniczy\u0107 w Mszy \u015bw., podczas kt\u00f3rej zostanie udzielony sakrament chrztu. Zaleca si\u0119 zatem, aby przed chrztem dziecka skorzystali z sakramentu pokuty.<br \/>\n7. Podczas spotkania z rodzicami w kancelarii parafialnej omawiane s\u0105 g\u0142\u00f3wne tre\u015bci katechezy chrzcielnej.<\/p>\n<h3 data-fontsize=\"24\" data-lineheight=\"24\">Rodzicem chrzestnym mo\u017ce by\u0107 osoba, kt\u00f3ra:<\/h3>\n<ul>\n<li>ma uko\u0144czony 16 rok \u017cycia<\/li>\n<li>przyj\u0119\u0142a sakrament bierzmowania<\/li>\n<li>posiada za\u015bwiadczenie ze swojej parafii, \u017ce jest osob\u0105 wierz\u0105c\u0105 i praktykuj\u0105c\u0105 (osoby mieszkaj\u0105ce poza nasz\u0105 parafi\u0105)<\/li>\n<li>nie \u017cyje w zwi\u0105zku niesakramentalnym<\/li>\n<\/ul>\n<h3 data-fontsize=\"24\" data-lineheight=\"24\">Nauczanie Ko\u015bcio\u0142a Katolickiego na temat chrztu:<\/h3>\n<p>Katechizm Ko\u015bcio\u0142a Katolickiego pkt. 1210-1284.<\/p>\n<h3 data-fontsize=\"24\" data-lineheight=\"24\">Obowi\u0105zuj\u0105ce normy prawne wg Kodeksu Prawa Kanonicznego:<\/h3>\n<p>Ksi\u0119ga IV \u201eU\u015bwi\u0119caj\u0105ce zadania Ko\u015bcio\u0142a; cz\u0119\u015b\u0107 I \u201eChrzest\u201d; kan. 849-878.<\/p>\n","protected":false},"excerpt":{"rendered":"<p>Co nale\u017cy przygotowa\u0107, zanim udamy si\u0119 do kancelarii w sprawie chrztu? 1. Wybra\u0107 imi\u0119 (imiona) dla dziecka. Najlepiej pos\u0142u\u017cy\u0107 si\u0119 katalogiem os\u00f3b \u015bwi\u0119tych, aby dziecko mia\u0142o \u015bwi\u0119tego patrona. 2. Wybra\u0107 matk\u0119 i ojca chrzestnego (maj\u0105 to by\u0107 osoby wierz\u0105ce i praktykuj\u0105ce) oraz zna\u0107 ich dane: nazwisko i imi\u0119, stan cywilny, wiek, data i miejsce \u015blubu ko\u015bcielnego, miejsce zamieszkania. 3. Posiada\u0107 \u015bwiadectwo urodzenia dziecka. 4. Zna\u0107&hellip;<a href=\"https:\/\/pruchnik.przemyska.pl\/index.php\/chrzest\/\" class=\"more-link\">Continue reading <span class=\"screen-reader-text\">Chrzest<\/span><\/a><\/p>\n","protected":false},"author":6,"featured_media":0,"parent":0,"menu_order":0,"comment_status":"closed","ping_status":"closed","template":"","meta":{"ngg_post_thumbnail":0,"footnotes":""},"class_list":["post-7609","page","type-page","status-publish","hentry"],"_links":{"self":[{"href":"https:\/\/pruchnik.przemyska.pl\/index.php\/wp-json\/wp\/v2\/pages\/7609","targetHints":{"allow":["GET"]}}],"collection":[{"href":"https:\/\/pruchnik.przemyska.pl\/index.php\/wp-json\/wp\/v2\/pages"}],"about":[{"href":"https:\/\/pruchnik.przemyska.pl\/index.php\/wp-json\/wp\/v2\/types\/page"}],"author":[{"embeddable":true,"href":"https:\/\/pruchnik.przemyska.pl\/index.php\/wp-json\/wp\/v2\/users\/6"}],"replies":[{"embeddable":true,"href":"https:\/\/pruchnik.przemyska.pl\/index.php\/wp-json\/wp\/v2\/comments?post=7609"}],"version-history":[{"count":3,"href":"https:\/\/pruchnik.przemyska.pl\/index.php\/wp-json\/wp\/v2\/pages\/7609\/revisions"}],"predecessor-version":[{"id":9517,"href":"https:\/\/pruchnik.przemyska.pl\/index.php\/wp-json\/wp\/v2\/pages\/7609\/revisions\/9517"}],"wp:attachment":[{"href":"https:\/\/pruchnik.przemyska.pl\/index.php\/wp-json\/wp\/v2\/media?parent=7609"}],"curies":[{"name":"wp","href":"https:\/\/api.w.org\/{rel}","templated":true}]}}