{"id":7623,"date":"2019-03-24T21:55:45","date_gmt":"2019-03-24T20:55:45","guid":{"rendered":"https:\/\/pruchnik.przemyska.pl\/?page_id=7623"},"modified":"2019-09-28T21:48:39","modified_gmt":"2019-09-28T19:48:39","slug":"kosciol-parafialny","status":"publish","type":"page","link":"https:\/\/pruchnik.przemyska.pl\/index.php\/kosciol-parafialny\/","title":{"rendered":"Ko\u015bci\u00f3\u0142 parafialny"},"content":{"rendered":"<div class=\"entry-content\">\n<p style=\"text-align: justify;\"><a href=\"https:\/\/pruchnik.przemyska.pl\/wp-content\/uploads\/kosciol-w-pruchniku-247762.jpg\" rel=\"attachment wp-att-7647\"><img loading=\"lazy\" decoding=\"async\" class=\" wp-image-7647 alignleft\" src=\"https:\/\/pruchnik.przemyska.pl\/wp-content\/uploads\/kosciol-w-pruchniku-247762-300x201.jpg\" alt=\"kosciol-w-pruchniku-247762\" width=\"298\" height=\"199\" srcset=\"https:\/\/pruchnik.przemyska.pl\/wp-content\/uploads\/kosciol-w-pruchniku-247762-300x201.jpg 300w, https:\/\/pruchnik.przemyska.pl\/wp-content\/uploads\/kosciol-w-pruchniku-247762-768x515.jpg 768w, https:\/\/pruchnik.przemyska.pl\/wp-content\/uploads\/kosciol-w-pruchniku-247762.jpg 1024w, https:\/\/pruchnik.przemyska.pl\/wp-content\/uploads\/kosciol-w-pruchniku-247762-272x182.jpg 272w\" sizes=\"auto, (max-width: 298px) 100vw, 298px\" \/><\/a>Parafia rzymskokatolicka w Pruchniku powsta\u0142a prawdopodobnie r\u00f3wnocze\u015bnie z lokacj\u0105 miasta. \u015awiadcz\u0105 o tym pierwsze informacje w dokumentach, z kt\u00f3rych pierwszy datowany jest na dzie\u0144 24 czerwca 1397 roku. Zosta\u0142a ufundowana przez Kostko S\u0142oneczkowicza, a w ci\u0105gu wielu dziesi\u0119cioleci by\u0142a wielokrotnie wspomagana przez przedstawicieli jego rodu. Pierwszy wzniesiony ko\u015bci\u00f3\u0142 z kamienia, w stylu gotyckim, wsparty charakterystycznymi skarpami i kryty gontem, datuje si\u0119 na rok 1436. Posiada\u0142 on dwie kaplice: od p\u00f3\u0142nocy \u2013 \u015bw. Anny i od po\u0142udnia \u2013 Matki Boskiej. Niestety w zwi\u0105zku z licznymi najazdami na miasteczko i gro\u017anymi po\u017carami, budynek ko\u015bcio\u0142a wielokrotnie ucierpia\u0142. Po raz pierwszy zosta\u0142 spalony przez Wo\u0142och\u00f3w w 1498 roku.\u00a0 Szczeg\u00f3lne zniszczenia spowodowa\u0142 te\u017c po\u017car miasta w 1636 roku. Ko\u015bci\u00f3\u0142 zosta\u0142 odbudowany przez \u00f3wczesnego proboszcza Jana Lipowicza. Dzi\u0119ki jego staraniom odbudowano dzwonnic\u0119 z dwoma dzwonami oraz pokryto dach blach\u0105.<br \/>\nWiek XVII przyni\u00f3s\u0142 ze sob\u0105 kolejne zniszczenia ko\u015bcio\u0142a, zwi\u0105zane z tocz\u0105cymi si\u0119 wojnami. Dotkliwe w skutkach okaza\u0142y si\u0119 zw\u0142aszcza najazdy wojsk Rakoczego (w 1657 roku) oraz Tatar\u00f3w (1672). Jednaj, mimo wielu trudno\u015bci, dnia 14 maja\u00a0 1684 roku bp Jan D\u0119bski, prepozyt pruchnicki, dokona\u0142 konsekracji ko\u015bcio\u0142a pod wezwaniem \u015aw. Miko\u0142aja. Utworzenie dekanatu w Pruchniku w drugiej po\u0142owie XVIII w. by\u0142o inspiracj\u0105 do dokonania zmian w wygl\u0105dzie ko\u015bcio\u0142a. Wybudowano w\u00f3wczas pi\u0119kn\u0105 barokow\u0105 bram\u0119 oraz ufundowano o\u0142tarz g\u0142\u00f3wny. Centralne miejsce okaza\u0142ego o\u0142tarza zajmuje obraz przedstawiaj\u0105cy wizerunek patrona \u2013 \u015aw. Miko\u0142aja. Po obu stronach umieszczono rze\u017aby czterech ewangelist\u00f3w. Ciekawym zabytkiem jest mur ko\u015bcielny, licz\u0105cy ponad pi\u0119\u0107 wiek\u00f3w, kt\u00f3ry przetrwa\u0142 w doskona\u0142ym stanie do dzisiejszych czas\u00f3w, dzi\u0119ki cz\u0119stym zabiegom konserwatorskim. Obok ko\u015bcio\u0142a i wspomnianej bramy w sk\u0142ad zespo\u0142u wchodzi jeszcze murowany spichlerz pleba\u0144ski, datowany na XVIII wiek.<\/p>\n<p>Pocz\u0105tki parafii Pruchnik si\u0119gaj\u0105 XIV wieku<br \/>\nW r. 1397 \u2013 jest wymieniony proboszcz pruchnicki Bernard w dokumencie fundacyjnym ko\u015bcio\u0142a w Pantalowicach<br \/>\nW XV w. \u2013 rodzina Pruchnickich, dziedzic\u00f3w Pruchnika, herbu \u201eKorczak\u201d da\u0142a ko\u015bcio\u0142owi dw\u00f3ch biskup\u00f3w: Miko\u0142aja, biskupa w Kamie\u0144cu Podolskim i Andrzeja, arcybp. We Lwowie<br \/>\nW r. 1436 \u2013 dziedzic Pruchnika Konstanty Rozborski z Rozborza zbudowa\u0142 ko\u015bci\u00f3\u0142 z kamienia, wsparty skarpami, w stylu gotyckim, kryty gontem, posadzka z ceg\u0142y, z kaplic\u0105 Matki Boskiej od po\u0142udnia i drug\u0105 \u015bw. Anny od p\u00f3\u0142nocy.<br \/>\nW r. 1498 \u2013 Wo\u0142osi spalili ko\u015bci\u00f3\u0142 i miasto<br \/>\nW r. 1565 \u2013 umieszczono przy zakrystii marmurow\u0105 tablic\u0119 ku czci Marcina Broniowskiego bohatera spod Orszy<br \/>\nW r. 1636 \u2013 spali\u0142 si\u0119 powt\u00f3rnie ko\u015bci\u00f3\u0142 i miasto, a ks. Jan Lipowicz w tym samym roku odbudowa\u0142 go, pokry\u0142 dach blach\u0105, urz\u0105dzi\u0142 wn\u0119trze ko\u015bcielne, dostawi\u0142 dzwonnic\u0119, oraz sprawi\u0142 dwa dzwony: 600 kg i 120 kg<br \/>\nW r. 1640 \u2013 w\u0142a\u015bcicielka Pruchnika, Anna z Konar Gorayska, ufundowa\u0142a kolegiat\u0119\u00a0 Mansjonarzy, kt\u00f3rzy pomagali proboszczowi w pracy duszpasterskiej<br \/>\nW r. 1651 \u2013 zbudowano \u201eszpitalik\u201d dla ubogich<br \/>\nW r. 1684 \u2013 biskup przemyski Jan D\u0119bski, prepozyt pruchnicki dokona\u0142 konsekracji ko\u015bcio\u0142a pod wezwaniem \u015bw. Miko\u0142aja<br \/>\nW r. 1702 \u2013 umieszczono w kaplicy \u015bw. Antoniego tablic\u0119 marmurow\u0105 nad grobem Ga\u0142eckich-Rykowskich<br \/>\nW r. 1758 \u2013 przeniesiono trumny ze zw\u0142okami z krypt ko\u015bcio\u0142a i pochowano na cmentarzu ko\u015bcielnym. Pod wielkim o\u0142tarzem spoczywa proboszcz ks. Tomasz Brzezicki +1790<br \/>\nW r. 1766 \u2013 zbudowano sygnaturk\u0119 na ko\u015bciele, a dwa lata p\u00f3\u017aniej wymurowano bram\u0119 od strony miasta<br \/>\nW r. 1770 \u2013 ufundowany zosta\u0142 wielki o\u0142tarz z czterema rze\u017abionymi w drzewie ewangelistami w stylu \u201erococo\u201d ku czci \u015bw. Miko\u0142aja.<br \/>\nW r. 1876 \u2013 ks. W\u015bci\u015blak pokry\u0142 ko\u015bci\u00f3\u0142 blach\u0105 cynkow\u0105, a schody i posadzk\u0119 wy\u0142o\u017cy\u0142 kamieniem trembowelskim<\/p>\n<p>W r. 1782 \u2013 sp\u0142on\u0119\u0142a od pioruna kaplica \u015bw. Krzy\u017ca na Przedmie\u015bciu<br \/>\nW r. 1916 \u2013 w czasie I wojny \u015bwiatowej, w\u0142adze austriackie wzi\u0119\u0142y dwa mniejsze dzwony<br \/>\nW r. 1941 \u2013 w czasie II wojny \u015bwiatowej Niemcy zabrali dwa zabytkowe dzwony z r. 1636 o wadze 600 \u2013 120 kg<\/p>\n<p>Tekst pochodzi z tablicy umieszczonej w ko\u015bciele parafialnym w Pruchniku<\/p>\n<p style=\"text-align: center;\"><strong>Wizualizacja ko\u015bcio\u0142a<\/strong><\/p>\n<p><iframe loading=\"lazy\" width=\"1040\" height=\"780\" src=\"https:\/\/www.youtube.com\/embed\/X1dPzoOkWIg?feature=oembed\" frameborder=\"0\" allow=\"accelerometer; autoplay; encrypted-media; gyroscope; picture-in-picture\" allowfullscreen><\/iframe><\/p>\n<p><iframe loading=\"lazy\" width=\"1040\" height=\"780\" src=\"https:\/\/www.youtube.com\/embed\/f7dZs-U0U9Q?feature=oembed\" frameborder=\"0\" allow=\"accelerometer; autoplay; encrypted-media; gyroscope; picture-in-picture\" allowfullscreen><\/iframe><\/p>\n<\/div>\n","protected":false},"excerpt":{"rendered":"<p>Parafia rzymskokatolicka w Pruchniku powsta\u0142a prawdopodobnie r\u00f3wnocze\u015bnie z lokacj\u0105 miasta. \u015awiadcz\u0105 o tym pierwsze informacje w dokumentach, z kt\u00f3rych pierwszy datowany jest na dzie\u0144 24 czerwca 1397 roku. Zosta\u0142a ufundowana przez Kostko S\u0142oneczkowicza, a w ci\u0105gu wielu dziesi\u0119cioleci by\u0142a wielokrotnie wspomagana przez przedstawicieli jego rodu. Pierwszy wzniesiony ko\u015bci\u00f3\u0142 z kamienia, w stylu gotyckim, wsparty charakterystycznymi skarpami i kryty gontem, datuje si\u0119 na rok 1436. Posiada\u0142&hellip;<a href=\"https:\/\/pruchnik.przemyska.pl\/index.php\/kosciol-parafialny\/\" class=\"more-link\">Continue reading <span class=\"screen-reader-text\">Ko\u015bci\u00f3\u0142 parafialny<\/span><\/a><\/p>\n","protected":false},"author":6,"featured_media":0,"parent":0,"menu_order":0,"comment_status":"closed","ping_status":"closed","template":"","meta":{"ngg_post_thumbnail":0,"footnotes":""},"class_list":["post-7623","page","type-page","status-publish","hentry"],"_links":{"self":[{"href":"https:\/\/pruchnik.przemyska.pl\/index.php\/wp-json\/wp\/v2\/pages\/7623","targetHints":{"allow":["GET"]}}],"collection":[{"href":"https:\/\/pruchnik.przemyska.pl\/index.php\/wp-json\/wp\/v2\/pages"}],"about":[{"href":"https:\/\/pruchnik.przemyska.pl\/index.php\/wp-json\/wp\/v2\/types\/page"}],"author":[{"embeddable":true,"href":"https:\/\/pruchnik.przemyska.pl\/index.php\/wp-json\/wp\/v2\/users\/6"}],"replies":[{"embeddable":true,"href":"https:\/\/pruchnik.przemyska.pl\/index.php\/wp-json\/wp\/v2\/comments?post=7623"}],"version-history":[{"count":11,"href":"https:\/\/pruchnik.przemyska.pl\/index.php\/wp-json\/wp\/v2\/pages\/7623\/revisions"}],"predecessor-version":[{"id":9647,"href":"https:\/\/pruchnik.przemyska.pl\/index.php\/wp-json\/wp\/v2\/pages\/7623\/revisions\/9647"}],"wp:attachment":[{"href":"https:\/\/pruchnik.przemyska.pl\/index.php\/wp-json\/wp\/v2\/media?parent=7623"}],"curies":[{"name":"wp","href":"https:\/\/api.w.org\/{rel}","templated":true}]}}