{"id":7625,"date":"2019-03-24T21:56:05","date_gmt":"2019-03-24T20:56:05","guid":{"rendered":"https:\/\/pruchnik.przemyska.pl\/?page_id=7625"},"modified":"2019-03-24T22:00:17","modified_gmt":"2019-03-24T21:00:17","slug":"kosciol-w-pruchniku-gornym","status":"publish","type":"page","link":"https:\/\/pruchnik.przemyska.pl\/index.php\/kosciol-w-pruchniku-gornym\/","title":{"rendered":"Ko\u015bci\u00f3\u0142 w Pruchniku G\u00f3rnym"},"content":{"rendered":"<p>Strona w budowie<\/p>\n","protected":false},"excerpt":{"rendered":"<p>Strona w budowie<\/p>\n","protected":false},"author":6,"featured_media":0,"parent":0,"menu_order":0,"comment_status":"closed","ping_status":"closed","template":"","meta":{"ngg_post_thumbnail":0,"footnotes":""},"class_list":["post-7625","page","type-page","status-publish","hentry"],"_links":{"self":[{"href":"https:\/\/pruchnik.przemyska.pl\/index.php\/wp-json\/wp\/v2\/pages\/7625","targetHints":{"allow":["GET"]}}],"collection":[{"href":"https:\/\/pruchnik.przemyska.pl\/index.php\/wp-json\/wp\/v2\/pages"}],"about":[{"href":"https:\/\/pruchnik.przemyska.pl\/index.php\/wp-json\/wp\/v2\/types\/page"}],"author":[{"embeddable":true,"href":"https:\/\/pruchnik.przemyska.pl\/index.php\/wp-json\/wp\/v2\/users\/6"}],"replies":[{"embeddable":true,"href":"https:\/\/pruchnik.przemyska.pl\/index.php\/wp-json\/wp\/v2\/comments?post=7625"}],"version-history":[{"count":2,"href":"https:\/\/pruchnik.przemyska.pl\/index.php\/wp-json\/wp\/v2\/pages\/7625\/revisions"}],"predecessor-version":[{"id":7630,"href":"https:\/\/pruchnik.przemyska.pl\/index.php\/wp-json\/wp\/v2\/pages\/7625\/revisions\/7630"}],"wp:attachment":[{"href":"https:\/\/pruchnik.przemyska.pl\/index.php\/wp-json\/wp\/v2\/media?parent=7625"}],"curies":[{"name":"wp","href":"https:\/\/api.w.org\/{rel}","templated":true}]}}