{"id":7660,"date":"2019-03-26T10:24:46","date_gmt":"2019-03-26T09:24:46","guid":{"rendered":"https:\/\/pruchnik.przemyska.pl\/?page_id=7660"},"modified":"2019-03-26T10:34:02","modified_gmt":"2019-03-26T09:34:02","slug":"praktyki-poboznosciowe","status":"publish","type":"page","link":"https:\/\/pruchnik.przemyska.pl\/index.php\/praktyki-poboznosciowe\/","title":{"rendered":"Praktyki pobo\u017cno\u015bciowe"},"content":{"rendered":"<h2 style=\"text-align: center;\"><a href=\"https:\/\/pruchnik.przemyska.pl\/wp-content\/uploads\/cropped-modlitwa_640-1.jpg\" rel=\"attachment wp-att-569\"><img loading=\"lazy\" decoding=\"async\" class=\" wp-image-569 aligncenter\" src=\"https:\/\/pruchnik.przemyska.pl\/wp-content\/uploads\/cropped-modlitwa_640-1-300x197.jpg\" alt=\"cropped-modlitwa_640-1.jpg\" width=\"343\" height=\"225\" srcset=\"https:\/\/pruchnik.przemyska.pl\/wp-content\/uploads\/cropped-modlitwa_640-1-300x197.jpg 300w, https:\/\/pruchnik.przemyska.pl\/wp-content\/uploads\/cropped-modlitwa_640-1.jpg 359w\" sizes=\"auto, (max-width: 343px) 100vw, 343px\" \/><\/a><\/h2>\n<p>&nbsp;<\/p>\n<h2 style=\"text-align: center;\">Wystawienie Naj\u015bwi\u0119tszego Sakramentu<\/h2>\n<h3 style=\"text-align: center;\">Pruchnik<\/h3>\n<p style=\"text-align: center;\">I Niedziela: 8:00-9:00; 10.00-11.00; 15.00-16.00<\/p>\n<h2 style=\"text-align: center;\">Modlitwy<\/h2>\n<p style=\"text-align: center;\">wtorki \u2013 Nowenna do ks. Bronis\u0142awa Markiewicza<\/p>\n<p style=\"text-align: center;\">I Sobota, po Mszy \u015bw. o 6.30 \u2013 b\u0142ogos\u0142awie\u0144stwo matek oczekuj\u0105cych potomstwa<\/p>\n<p style=\"text-align: center;\">IV Niedziela, 15.30-16.00 \u2013 modlitwy Bractwa \u015aw. J\u00f3zefa<\/p>\n","protected":false},"excerpt":{"rendered":"<p>&nbsp; Wystawienie Naj\u015bwi\u0119tszego Sakramentu Pruchnik I Niedziela: 8:00-9:00; 10.00-11.00; 15.00-16.00 Modlitwy wtorki \u2013 Nowenna do ks. Bronis\u0142awa Markiewicza I Sobota, po Mszy \u015bw. o 6.30 \u2013 b\u0142ogos\u0142awie\u0144stwo matek oczekuj\u0105cych potomstwa IV Niedziela, 15.30-16.00 \u2013 modlitwy Bractwa \u015aw. J\u00f3zefa<\/p>\n","protected":false},"author":6,"featured_media":0,"parent":0,"menu_order":0,"comment_status":"closed","ping_status":"closed","template":"","meta":{"ngg_post_thumbnail":0,"footnotes":""},"class_list":["post-7660","page","type-page","status-publish","hentry"],"_links":{"self":[{"href":"https:\/\/pruchnik.przemyska.pl\/index.php\/wp-json\/wp\/v2\/pages\/7660","targetHints":{"allow":["GET"]}}],"collection":[{"href":"https:\/\/pruchnik.przemyska.pl\/index.php\/wp-json\/wp\/v2\/pages"}],"about":[{"href":"https:\/\/pruchnik.przemyska.pl\/index.php\/wp-json\/wp\/v2\/types\/page"}],"author":[{"embeddable":true,"href":"https:\/\/pruchnik.przemyska.pl\/index.php\/wp-json\/wp\/v2\/users\/6"}],"replies":[{"embeddable":true,"href":"https:\/\/pruchnik.przemyska.pl\/index.php\/wp-json\/wp\/v2\/comments?post=7660"}],"version-history":[{"count":5,"href":"https:\/\/pruchnik.przemyska.pl\/index.php\/wp-json\/wp\/v2\/pages\/7660\/revisions"}],"predecessor-version":[{"id":7669,"href":"https:\/\/pruchnik.przemyska.pl\/index.php\/wp-json\/wp\/v2\/pages\/7660\/revisions\/7669"}],"wp:attachment":[{"href":"https:\/\/pruchnik.przemyska.pl\/index.php\/wp-json\/wp\/v2\/media?parent=7660"}],"curies":[{"name":"wp","href":"https:\/\/api.w.org\/{rel}","templated":true}]}}