{"id":7678,"date":"2019-03-26T17:27:34","date_gmt":"2019-03-26T16:27:34","guid":{"rendered":"https:\/\/pruchnik.przemyska.pl\/?page_id=7678"},"modified":"2022-12-17T20:45:59","modified_gmt":"2022-12-17T19:45:59","slug":"msze-swiete","status":"publish","type":"page","link":"https:\/\/pruchnik.przemyska.pl\/index.php\/msze-swiete\/","title":{"rendered":"Msze \u015awi\u0119te"},"content":{"rendered":"<h2 style=\"text-align: center;\"><a href=\"https:\/\/pruchnik.przemyska.pl\/wp-content\/uploads\/eucharist-1591663_640.jpg\" rel=\"attachment wp-att-2158\"><img loading=\"lazy\" decoding=\"async\" class=\" wp-image-2158 aligncenter\" src=\"https:\/\/pruchnik.przemyska.pl\/wp-content\/uploads\/eucharist-1591663_640-300x200.jpg\" alt=\"eucharist-1591663_640\" width=\"326\" height=\"217\" srcset=\"https:\/\/pruchnik.przemyska.pl\/wp-content\/uploads\/eucharist-1591663_640-300x200.jpg 300w, https:\/\/pruchnik.przemyska.pl\/wp-content\/uploads\/eucharist-1591663_640-272x182.jpg 272w, https:\/\/pruchnik.przemyska.pl\/wp-content\/uploads\/eucharist-1591663_640.jpg 640w\" sizes=\"auto, (max-width: 326px) 100vw, 326px\" \/><\/a><\/h2>\n<h2 style=\"text-align: center;\">Pruchnik<\/h2>\n<p style=\"text-align: center;\">w tygodniu:<br \/>\n6.30 i 18:00<\/p>\n<p style=\"text-align: center;\">w niedziele i \u015bwi\u0119ta obowi\u0105zkowe:<br \/>\n7.00; 9.00; 11:00; 16:00<\/p>\n<p style=\"text-align: center;\">w \u015bwi\u0119ta nieobowi\u0105zkowe:<br \/>\n7.00; 9:00; 18:00<\/p>\n<h2 style=\"text-align: center;\">Pruchnik G\u00f3rny<\/h2>\n<p style=\"text-align: center;\">w tygodniu:<\/p>\n<ul style=\"text-align: center;\">\n<li>I Czwartek \u2013 18:00<\/li>\n<li>I Pi\u0105tek \u2013 17:00<\/li>\n<li>I Sobota \u2013 8:00<\/li>\n<li>w pa\u017adzierniku i w maju: wt, czw, sb \u2013 18.00<\/li>\n<li>w pi\u0105tki Wielkiego Postu<\/li>\n<li>w Oktawie Bo\u017cego Cia\u0142a<\/li>\n<\/ul>\n<p style=\"text-align: center;\">w niedziele i \u015bwi\u0119ta obowi\u0105zkowe:<br \/>\n8.00<\/p>\n<h2 style=\"text-align: center;\">Haw\u0142owice<\/h2>\n<p style=\"text-align: center;\">w tygodniu:<\/p>\n<ul style=\"text-align: center;\">\n<li>I Czwartek \u2013 18:00<\/li>\n<li>I Pi\u0105tek \u2013 16:00<\/li>\n<li>I Sobota \u2013 8:00<\/li>\n<li>w pa\u017adzierniku i w maju: pon, \u015br, pt \u2013 18.00<\/li>\n<li>w pi\u0105tki Wielkiego Postu<\/li>\n<\/ul>\n<p style=\"text-align: center;\">w niedziele i \u015bwi\u0119ta obowi\u0105zkowe:<br \/>\n10.00<\/p>\n","protected":false},"excerpt":{"rendered":"<p>Pruchnik w tygodniu: 6.30 i 18:00 w niedziele i \u015bwi\u0119ta obowi\u0105zkowe: 7.00; 9.00; 11:00; 16:00 w \u015bwi\u0119ta nieobowi\u0105zkowe: 7.00; 9:00; 18:00 Pruchnik G\u00f3rny w tygodniu: I Czwartek \u2013 18:00 I Pi\u0105tek \u2013 17:00 I Sobota \u2013 8:00 w pa\u017adzierniku i w maju: wt, czw, sb \u2013 18.00 w pi\u0105tki Wielkiego Postu w Oktawie Bo\u017cego Cia\u0142a w niedziele i \u015bwi\u0119ta obowi\u0105zkowe: 8.00 Haw\u0142owice w tygodniu: I&hellip;<a href=\"https:\/\/pruchnik.przemyska.pl\/index.php\/msze-swiete\/\" class=\"more-link\">Continue reading <span class=\"screen-reader-text\">Msze \u015awi\u0119te<\/span><\/a><\/p>\n","protected":false},"author":6,"featured_media":0,"parent":0,"menu_order":0,"comment_status":"closed","ping_status":"closed","template":"","meta":{"ngg_post_thumbnail":0,"footnotes":""},"class_list":["post-7678","page","type-page","status-publish","hentry"],"_links":{"self":[{"href":"https:\/\/pruchnik.przemyska.pl\/index.php\/wp-json\/wp\/v2\/pages\/7678","targetHints":{"allow":["GET"]}}],"collection":[{"href":"https:\/\/pruchnik.przemyska.pl\/index.php\/wp-json\/wp\/v2\/pages"}],"about":[{"href":"https:\/\/pruchnik.przemyska.pl\/index.php\/wp-json\/wp\/v2\/types\/page"}],"author":[{"embeddable":true,"href":"https:\/\/pruchnik.przemyska.pl\/index.php\/wp-json\/wp\/v2\/users\/6"}],"replies":[{"embeddable":true,"href":"https:\/\/pruchnik.przemyska.pl\/index.php\/wp-json\/wp\/v2\/comments?post=7678"}],"version-history":[{"count":3,"href":"https:\/\/pruchnik.przemyska.pl\/index.php\/wp-json\/wp\/v2\/pages\/7678\/revisions"}],"predecessor-version":[{"id":13855,"href":"https:\/\/pruchnik.przemyska.pl\/index.php\/wp-json\/wp\/v2\/pages\/7678\/revisions\/13855"}],"wp:attachment":[{"href":"https:\/\/pruchnik.przemyska.pl\/index.php\/wp-json\/wp\/v2\/media?parent=7678"}],"curies":[{"name":"wp","href":"https:\/\/api.w.org\/{rel}","templated":true}]}}