{"id":9352,"date":"2019-08-13T21:07:15","date_gmt":"2019-08-13T19:07:15","guid":{"rendered":"https:\/\/pruchnik.przemyska.pl\/?page_id=9352"},"modified":"2019-09-23T11:00:24","modified_gmt":"2019-09-23T09:00:24","slug":"liturgiczna-sluzba-oltarza","status":"publish","type":"page","link":"https:\/\/pruchnik.przemyska.pl\/index.php\/liturgiczna-sluzba-oltarza\/","title":{"rendered":"Liturgiczna S\u0142u\u017cba O\u0142tarza"},"content":{"rendered":"<p><strong><a href=\"https:\/\/pruchnik.przemyska.pl\/wp-content\/uploads\/DSC07770.jpg\" rel=\"attachment wp-att-9534\"><img loading=\"lazy\" decoding=\"async\" class=\"alignright size-medium wp-image-9534\" src=\"https:\/\/pruchnik.przemyska.pl\/wp-content\/uploads\/DSC07770-300x225.jpg\" alt=\"DSC07770\" width=\"300\" height=\"225\" srcset=\"https:\/\/pruchnik.przemyska.pl\/wp-content\/uploads\/DSC07770-300x225.jpg 300w, https:\/\/pruchnik.przemyska.pl\/wp-content\/uploads\/DSC07770-768x576.jpg 768w, https:\/\/pruchnik.przemyska.pl\/wp-content\/uploads\/DSC07770-1024x768.jpg 1024w, https:\/\/pruchnik.przemyska.pl\/wp-content\/uploads\/DSC07770-1600x1200.jpg 1600w, https:\/\/pruchnik.przemyska.pl\/wp-content\/uploads\/DSC07770.jpg 1920w\" sizes=\"auto, (max-width: 300px) 100vw, 300px\" \/><\/a><a href=\"https:\/\/pruchnik.przemyska.pl\/wp-content\/uploads\/DSC07767.jpg\" rel=\"attachment wp-att-9533\"><img loading=\"lazy\" decoding=\"async\" class=\"size-medium wp-image-9533 alignleft\" src=\"https:\/\/pruchnik.przemyska.pl\/wp-content\/uploads\/DSC07767-300x225.jpg\" alt=\"DSC07767\" width=\"300\" height=\"225\" srcset=\"https:\/\/pruchnik.przemyska.pl\/wp-content\/uploads\/DSC07767-300x225.jpg 300w, https:\/\/pruchnik.przemyska.pl\/wp-content\/uploads\/DSC07767-768x576.jpg 768w, https:\/\/pruchnik.przemyska.pl\/wp-content\/uploads\/DSC07767-1024x768.jpg 1024w, https:\/\/pruchnik.przemyska.pl\/wp-content\/uploads\/DSC07767-1600x1200.jpg 1600w, https:\/\/pruchnik.przemyska.pl\/wp-content\/uploads\/DSC07767.jpg 1920w\" sizes=\"auto, (max-width: 300px) 100vw, 300px\" \/><\/a>MINISTRANT <\/strong>\u2013 to osoba spo\u015br\u00f3d ludu Bo\u017cego, kt\u00f3ra podczas sprawowania liturgii spe\u0142nia funkcj\u0119 pomocnicz\u0105 w spos\u00f3b okre\u015blony przepisami Ko\u015bcio\u0142a. \u201e<strong>Ministrare<\/strong>\u201d z \u0142aciny oznacza \u201e<strong>s\u0142u\u017cy\u0107<\/strong>\u201d. Ministrant jest wi\u0119c tym, kt\u00f3ry s\u0142u\u017cy (pomaga) kap\u0142anowi podczas Eucharystii czy te\u017c nabo\u017ce\u0144stw.<\/p>\n<p>Pocz\u0105tk\u00f3w ministrantury dopatrujemy si\u0119 ju\u017c w czasach Jezusa Chrystusa. W powstaj\u0105cym Ko\u015bciele aposto\u0142owie potrzebowali kogo\u015b do asysty liturgicznej \u2013 pos\u0142ugiwania. Pocz\u0105tkowo byli to diakoni czyli s\u0142udzy. Gdy wsp\u00f3lnoty chrze\u015bcija\u0144skie wzrasta\u0142y wszystko co by\u0142o do wykonania podczas liturgii, dzielono w formie r\u00f3\u017cnych zada\u0144 pomi\u0119dzy jej cz\u0142onk\u00f3w. W ten spos\u00f3b mo\u017cna w kilku s\u0142owach przedstawi\u0107 pocz\u0105tki Liturgicznej S\u0142u\u017cby O\u0142tarza (LSO).<\/p>\n<p>S\u0142u\u017cba przy o\u0142tarzu wymaga wielu wyrzecze\u0144, jednak \u015bwiadomo\u015b\u0107, \u017ce s\u0142u\u017cymy samemu Bogu umacnia nas. Ka\u017cdy ministrant dumny jest z tego co robi. Mo\u017cemy by\u0107 bli\u017cej Chrystusa, s\u0142u\u017cy\u0107 Jemu. Jest to dla nas wielka rado\u015b\u0107, bo przez s\u0142u\u017cb\u0119 ukazujemy, \u017ce ka\u017cde nabo\u017ce\u0144stwo jest nie tylko spraw\u0105 kap\u0142ana, lecz ca\u0142ej parafii i nas wszystkich zgromadzonych wok\u00f3\u0142 Chrystusa. Ministrant przez s\u0142u\u017cenie zbli\u017ca si\u0119 do samego Boga, codziennie staraj\u0105c si\u0119 na\u015bladowa\u0107 Chrystusa poprzez modlitw\u0119, pracowito\u015b\u0107 i sumienno\u015b\u0107.<\/p>\n<p>Je\u017celi chcia\u0142by\u015b dowiedzie\u0107 si\u0119 wi\u0119cej, pozna\u0107 kim jest choralista, co to jest sygnaturka i jak wybija\u0107 gong, przyjd\u017a i zbli\u017c jeszcze bardziej do Chrystusa!<\/p>\n<p><strong>Pami\u0119taj! Nigdy nie jest za p\u00f3\u017ano, aby zosta\u0107 ministrantem!<\/strong><\/p>\n<p><a href=\"https:\/\/przemyska.pl\/lso\/\">WI\u0118CEJ INFORMACJI NA TEMAT LSO W DIECEZJI<\/a><\/p>\n","protected":false},"excerpt":{"rendered":"<p>MINISTRANT \u2013 to osoba spo\u015br\u00f3d ludu Bo\u017cego, kt\u00f3ra podczas sprawowania liturgii spe\u0142nia funkcj\u0119 pomocnicz\u0105 w spos\u00f3b okre\u015blony przepisami Ko\u015bcio\u0142a. \u201eMinistrare\u201d z \u0142aciny oznacza \u201es\u0142u\u017cy\u0107\u201d. Ministrant jest wi\u0119c tym, kt\u00f3ry s\u0142u\u017cy (pomaga) kap\u0142anowi podczas Eucharystii czy te\u017c nabo\u017ce\u0144stw. Pocz\u0105tk\u00f3w ministrantury dopatrujemy si\u0119 ju\u017c w czasach Jezusa Chrystusa. W powstaj\u0105cym Ko\u015bciele aposto\u0142owie potrzebowali kogo\u015b do asysty liturgicznej \u2013 pos\u0142ugiwania. Pocz\u0105tkowo byli to diakoni czyli s\u0142udzy. Gdy wsp\u00f3lnoty&hellip;<a href=\"https:\/\/pruchnik.przemyska.pl\/index.php\/liturgiczna-sluzba-oltarza\/\" class=\"more-link\">Continue reading <span class=\"screen-reader-text\">Liturgiczna S\u0142u\u017cba O\u0142tarza<\/span><\/a><\/p>\n","protected":false},"author":6,"featured_media":0,"parent":0,"menu_order":0,"comment_status":"closed","ping_status":"closed","template":"","meta":{"ngg_post_thumbnail":0,"footnotes":""},"class_list":["post-9352","page","type-page","status-publish","hentry"],"_links":{"self":[{"href":"https:\/\/pruchnik.przemyska.pl\/index.php\/wp-json\/wp\/v2\/pages\/9352","targetHints":{"allow":["GET"]}}],"collection":[{"href":"https:\/\/pruchnik.przemyska.pl\/index.php\/wp-json\/wp\/v2\/pages"}],"about":[{"href":"https:\/\/pruchnik.przemyska.pl\/index.php\/wp-json\/wp\/v2\/types\/page"}],"author":[{"embeddable":true,"href":"https:\/\/pruchnik.przemyska.pl\/index.php\/wp-json\/wp\/v2\/users\/6"}],"replies":[{"embeddable":true,"href":"https:\/\/pruchnik.przemyska.pl\/index.php\/wp-json\/wp\/v2\/comments?post=9352"}],"version-history":[{"count":3,"href":"https:\/\/pruchnik.przemyska.pl\/index.php\/wp-json\/wp\/v2\/pages\/9352\/revisions"}],"predecessor-version":[{"id":9535,"href":"https:\/\/pruchnik.przemyska.pl\/index.php\/wp-json\/wp\/v2\/pages\/9352\/revisions\/9535"}],"wp:attachment":[{"href":"https:\/\/pruchnik.przemyska.pl\/index.php\/wp-json\/wp\/v2\/media?parent=9352"}],"curies":[{"name":"wp","href":"https:\/\/api.w.org\/{rel}","templated":true}]}}