{"id":9518,"date":"2019-09-10T17:21:13","date_gmt":"2019-09-10T15:21:13","guid":{"rendered":"https:\/\/pruchnik.przemyska.pl\/?page_id=9518"},"modified":"2026-03-21T19:03:14","modified_gmt":"2026-03-21T18:03:14","slug":"kontakt-2","status":"publish","type":"page","link":"https:\/\/pruchnik.przemyska.pl\/index.php\/kontakt-2\/","title":{"rendered":"Kontakt"},"content":{"rendered":"<h4 style=\"text-align: center;\">Parafia Rzymskokatolicka<br \/>\npw. \u015bw. Miko\u0142aja w Pruchniku<br \/>\nul. Ko\u015bcielna 8<br \/>\n37-560 Pruchnik<\/h4>\n<p style=\"text-align: center;\"><strong>Konto bankowe do wp\u0142at ofiar przeznaczonych na remont ko\u015bcio\u0142a parafialnego:<br \/>\nBank Sp\u00f3\u0142dzielczy Jaros\u0142aw<br \/>\n26 9096 0004 2003 0023 0638 0004<\/strong><\/p>\n<h4 style=\"text-align: center;\">Numer konta bankowego parafii:<br \/>\n10 9096 0004 2003 0023 0638 0001<\/h4>\n","protected":false},"excerpt":{"rendered":"<p>Parafia Rzymskokatolicka pw. \u015bw. Miko\u0142aja w Pruchniku ul. Ko\u015bcielna 8 37-560 Pruchnik Konto bankowe do wp\u0142at ofiar przeznaczonych na remont ko\u015bcio\u0142a parafialnego: Bank Sp\u00f3\u0142dzielczy Jaros\u0142aw 26 9096 0004 2003 0023 0638 0004 Numer konta bankowego parafii: 10 9096 0004 2003 0023 0638 0001<\/p>\n","protected":false},"author":6,"featured_media":0,"parent":0,"menu_order":0,"comment_status":"closed","ping_status":"closed","template":"","meta":{"ngg_post_thumbnail":0,"footnotes":""},"class_list":["post-9518","page","type-page","status-publish","hentry"],"_links":{"self":[{"href":"https:\/\/pruchnik.przemyska.pl\/index.php\/wp-json\/wp\/v2\/pages\/9518","targetHints":{"allow":["GET"]}}],"collection":[{"href":"https:\/\/pruchnik.przemyska.pl\/index.php\/wp-json\/wp\/v2\/pages"}],"about":[{"href":"https:\/\/pruchnik.przemyska.pl\/index.php\/wp-json\/wp\/v2\/types\/page"}],"author":[{"embeddable":true,"href":"https:\/\/pruchnik.przemyska.pl\/index.php\/wp-json\/wp\/v2\/users\/6"}],"replies":[{"embeddable":true,"href":"https:\/\/pruchnik.przemyska.pl\/index.php\/wp-json\/wp\/v2\/comments?post=9518"}],"version-history":[{"count":4,"href":"https:\/\/pruchnik.przemyska.pl\/index.php\/wp-json\/wp\/v2\/pages\/9518\/revisions"}],"predecessor-version":[{"id":16292,"href":"https:\/\/pruchnik.przemyska.pl\/index.php\/wp-json\/wp\/v2\/pages\/9518\/revisions\/16292"}],"wp:attachment":[{"href":"https:\/\/pruchnik.przemyska.pl\/index.php\/wp-json\/wp\/v2\/media?parent=9518"}],"curies":[{"name":"wp","href":"https:\/\/api.w.org\/{rel}","templated":true}]}}